{"id":9959,"date":"2016-09-13T21:58:27","date_gmt":"2016-09-13T21:58:27","guid":{"rendered":"http:\/\/www.woesr-golf.com\/wp\/?page_id=9959"},"modified":"2016-09-13T22:07:46","modified_gmt":"2016-09-13T22:07:46","slug":"wettspielausschreibung-abschlussturnier-2016","status":"publish","type":"page","link":"https:\/\/www.woesr-golf.com\/wp\/turniere-vorjahre\/2016-2\/wettspielausschreibungen-2016\/wettspielausschreibung-abschlussturnier-2016\/","title":{"rendered":"WETTSPIELAUSSCHREIBUNG ABSCHLUSSTURNIER 2016"},"content":{"rendered":"<h1 class=\"entry-title\">Abschlussturnier Chapmann Vierer GC. Wilder Kaiser\u00a027.09.2016<\/h1>\n<div class=\"entry-content\">\n<h3><strong>Start:<\/strong> Ab 8:00 Uhr<\/h3>\n<h3><strong>Abschl\u00e4ge:<\/strong> Herren gelb \u2013 Damen rot<\/h3>\n<h3><strong>Spielbedingungen:<\/strong> Gespielt wird nach den offiziellen Golfregeln (einschl. Amateurstatus) des \u00d6GV und den Platzregeln des GC. Wilder Kaiser.<\/h3>\n<h3>Das Wettspiel ist nicht vorgabewirksam.<\/h3>\n<h3><strong>Teilnahmeberechtigt<\/strong> sind Senioren mit mindestens sieben Wertungen auf der WOESR 2016 und ihre Partnerinnen\/Partner, die einem \u00d6GV-Club angeh\u00f6ren.(Senioren\/Innen)<\/h3>\n<h3><strong>Die H\u00f6chstvorgabe<\/strong> betr\u00e4gt -36,0 pro Teilnehmer.<\/h3>\n<h3><strong>H\u00f6chstzahl<\/strong> der Teilnehmer 68 Paare. Gehen mehr Meldungen ein, entscheidet das fr\u00fchere Eingangsdatum, bei gleichem Datum das Los. Eine Warteliste wird gef\u00fchrt.\u00a0<\/h3>\n<h3><strong><br \/>Meldungen<\/strong> per Email an das Sekretariat des<\/h3>\n<h3>GC.Wilder Kaiser <a href=\"mailto:office@wilder-kaiser.com\">office@wilder-kaiser.com<\/a><\/h3>\n<h3><strong>Preise:<\/strong> 2 Bruttopreise \u2013 5 Nettopreise \u00a0 \u00a0 \u00a0 \u00a0 \u00a0 \u00a0 \u00a0 \u00a0 \u00a0 \u00a0 \u00a0 \u00a0 \u00a0 \u00a0 \u00a0 \u00a0 \u00a0 \u00a0 \u00a0 \u00a0 \u00a0 \u00a0 \u00a0 \u00a0 \u00a0 \u00a0 \u00a0 \u00a0 \u00a0 \u00a0 \u00a0 \u00a0 \u00a0 \u00a0 \u00a0 \u00a0 \u00a0 \u00a0 \u00a0 \u00a0 \u00a0 \u00a0 \u00a0 \u00a0 \u00a0 \u00a0 \u00a0 \u00a0Bei gleichen Ergebnissen werden bis zu einer Entscheidung die letzten 9,6,3, 1 L\u00f6cher gewertet.<\/h3>\n<h3><strong>Nennungsschluss:<\/strong>\u00a0 Freitag, 23. September 12:00 Uhr. Bitte clubweise melden.<\/h3>\n<h3><strong>Nenngeld:<\/strong><\/h3>\n<h3>Pro Chapman-Teilnehmer \u20ac 60,00. Partner (Senioren oder Masters), die nicht an der \u00a0WOESR 2016 oder an der Damen WOESR teilgenommen haben \u20ac 70,00.<\/h3>\n<h3>Im Nenngeld enthalten sind Greenfee, Turnierfee, ein 3-Gang Abendessen und die Teilnahme an der Abendveranstaltung. Das Nenngeld muss vor dem Start entrichtet werden. Spieler, die nicht zum Wettspiel antreten, sind von der Zahlung des Nenngeldes nicht befreit.<\/h3>\n<h3><strong>Der Unkostenbeitrag<\/strong> f\u00fcr Teilnehmer an der Abendveranstaltung 2016, die nicht Chapman-Vierer gespielt haben, betr\u00e4gt \u20ac 25,00.<\/h3>\n<h3><strong>Wettspielleitung:<\/strong>\u00a0 Horst Ehrlich, Hans Purkert. Starter und Ranger handeln im Rahmen ihrer Aufgaben im Auftrag der Wettspielleitung.<\/h3>\n<h3><strong>Die Preisverteilung<\/strong> findet im Rahmen des Abschluss Galaabends im SportHotel\u00a0in Ellmau\u00a0statt. Angemessene Kleidung\u00a0optional.<\/h3>\n<h3>Bis zum ersten Start hat die Spielleitung in begr\u00fcndeten F\u00e4llen das Recht, die Ausschreibung zu \u00e4ndern (Ausnahme:Vorgabewirksamkeit).<\/h3>\n<h3><strong><em>CHAPMAN Vierer<\/em><\/strong><\/h3>\n<h3><em>Der Unterschied zum Vierer mit Auswahldrive (auch Greensome genannt) besteht darin, dass beide Partner an jedem Loch abschlagen, den Ball des Partners weiterspielen und sich dann f\u00fcr eine Ball entscheiden, den \u00a0sie abwechelnd weiterspielen, bis das Loch beendet ist.<\/em><\/h3>\n<p>B<em>eispiel: Spieler A und B schlagen ab; A spielt den Ball von B vors Gr\u00fcn, B spielt den Ball von A ins Rough, \u00a0Die Partner entscheiden sich den Ball von B\u00a0weiterzuspielen und heben den Ball von A auf. Den dritten Schlag muss Spieler B ausf\u00fchren.<\/em><\/p>\n<h3><em><strong>Vorgabe: <\/strong>Die Spielvorgaben beider Partner werden addiert und durch zwei geteilt. Das Ergebnis ist die Spielvorgabe f\u00fcr die Partei (bei 0,5 wird auf ganze Schl\u00e4ge aufgerundet).<\/em><\/h3>\n<h3>Gutes Spiel w\u00fcnschen<\/h3>\n<h3>Peter, Horst und Peter<\/h3>\n<p>&nbsp;<\/p>\n<p>&nbsp;<\/p>\n<p>&nbsp;<\/p>\n<\/div>\n","protected":false},"excerpt":{"rendered":"<p>Abschlussturnier Chapmann Vierer GC. Wilder Kaiser\u00a027.09.2016 Start: Ab 8:00 Uhr Abschl\u00e4ge: Herren gelb \u2013 Damen rot Spielbedingungen: Gespielt wird nach den offiziellen Golfregeln (einschl. Amateurstatus) des \u00d6GV und den Platzregeln des GC. Wilder Kaiser. Das Wettspiel ist nicht vorgabewirksam. Teilnahmeberechtigt &hellip; <a href=\"https:\/\/www.woesr-golf.com\/wp\/turniere-vorjahre\/2016-2\/wettspielausschreibungen-2016\/wettspielausschreibung-abschlussturnier-2016\/\">Weiterlesen <span class=\"meta-nav\">&rarr;<\/span><\/a><\/p>\n","protected":false},"author":2,"featured_media":0,"parent":8750,"menu_order":23,"comment_status":"closed","ping_status":"closed","template":"","meta":{"jetpack_post_was_ever_published":false,"footnotes":""},"class_list":["post-9959","page","type-page","status-publish","hentry"],"jetpack_sharing_enabled":true,"jetpack_shortlink":"https:\/\/wp.me\/P3bUlp-2AD","_links":{"self":[{"href":"https:\/\/www.woesr-golf.com\/wp\/wp-json\/wp\/v2\/pages\/9959","targetHints":{"allow":["GET"]}}],"collection":[{"href":"https:\/\/www.woesr-golf.com\/wp\/wp-json\/wp\/v2\/pages"}],"about":[{"href":"https:\/\/www.woesr-golf.com\/wp\/wp-json\/wp\/v2\/types\/page"}],"author":[{"embeddable":true,"href":"https:\/\/www.woesr-golf.com\/wp\/wp-json\/wp\/v2\/users\/2"}],"replies":[{"embeddable":true,"href":"https:\/\/www.woesr-golf.com\/wp\/wp-json\/wp\/v2\/comments?post=9959"}],"version-history":[{"count":5,"href":"https:\/\/www.woesr-golf.com\/wp\/wp-json\/wp\/v2\/pages\/9959\/revisions"}],"predecessor-version":[{"id":9966,"href":"https:\/\/www.woesr-golf.com\/wp\/wp-json\/wp\/v2\/pages\/9959\/revisions\/9966"}],"up":[{"embeddable":true,"href":"https:\/\/www.woesr-golf.com\/wp\/wp-json\/wp\/v2\/pages\/8750"}],"wp:attachment":[{"href":"https:\/\/www.woesr-golf.com\/wp\/wp-json\/wp\/v2\/media?parent=9959"}],"curies":[{"name":"wp","href":"https:\/\/api.w.org\/{rel}","templated":true}]}}