{"id":692,"date":"2012-02-10T15:00:17","date_gmt":"2012-02-10T15:00:17","guid":{"rendered":"http:\/\/www.woesr-golf.com\/wp\/?page_id=692"},"modified":"2012-10-27T14:40:20","modified_gmt":"2012-10-27T14:40:20","slug":"ergebnisse-2011","status":"publish","type":"page","link":"https:\/\/www.woesr-golf.com\/wp\/turniere-vorjahre\/2011-4\/ergebnisse-2011\/","title":{"rendered":"Ergebnisse 2011"},"content":{"rendered":"<div id=\"attachment_534\" style=\"width: 160px\" class=\"wp-caption alignleft\"><a href=\"https:\/\/i0.wp.com\/www.woesr-golf.com\/wp\/wp-content\/uploads\/2012\/02\/Trophy-1393klein1.jpg\"><img data-recalc-dims=\"1\" loading=\"lazy\" decoding=\"async\" aria-describedby=\"caption-attachment-534\" class=\"size-full wp-image-534\" title=\"Trophy \" src=\"https:\/\/i0.wp.com\/www.woesr-golf.com\/wp\/wp-content\/uploads\/2012\/02\/Trophy-1393klein1.jpg?resize=150%2C200\" alt=\"geschaffen und gesponsert von Gernot Schluifer\" width=\"150\" height=\"200\" \/><\/a><p id=\"caption-attachment-534\" class=\"wp-caption-text\">\u00a0 Wanderpreis f\u00fcr die siegreiche Bruttomannschaft\u00a0\u00a0\u00a0\u00a0<\/p><\/div>\n<p>&nbsp;<\/p>\n<p>2011<\/p>\n<p>wurde bei\u00a0 sieben\u00a0 Golfclubs nicht gespielt:<\/p>\n<ol style=\"list-style-type: lower-alpha;\">\n<li style=\"text-align: justify;\">Golf- &amp; Landclub Achensee<\/li>\n<li style=\"text-align: justify;\">GC. Innsbruck Igls<\/li>\n<li style=\"text-align: justify;\">GC. Kitzb\u00fchel Schwarzsee<\/li>\n<li style=\"text-align: justify;\">GC. Mieminger Plateau<\/li>\n<li style=\"text-align: justify;\">GC. Seefeld Wildmoos<\/li>\n<li style=\"text-align: justify;\">GC. Kaiserwinkel<\/li>\n<li style=\"text-align: justify;\">GC. wilder Kaiser<\/li>\n<\/ol>\n<p>Was war die Ursache? Eine Erh\u00f6hung der Greenfee- und Nenngeb\u00fchr um 25% von einem Jahr auf das n\u00e4chste.<\/p>\n<p>Aus diesem Grund sind im Jahr 2011 nur\u00a0 die Ergebnisse von 14\u00a0 Turnieren zu finden.<\/p>\n","protected":false},"excerpt":{"rendered":"<p>&nbsp; 2011 wurde bei\u00a0 sieben\u00a0 Golfclubs nicht gespielt: Golf- &amp; Landclub Achensee GC. Innsbruck Igls GC. Kitzb\u00fchel Schwarzsee GC. Mieminger Plateau GC. Seefeld Wildmoos GC. Kaiserwinkel GC. wilder Kaiser Was war die Ursache? Eine Erh\u00f6hung der Greenfee- und Nenngeb\u00fchr um &hellip; <a href=\"https:\/\/www.woesr-golf.com\/wp\/turniere-vorjahre\/2011-4\/ergebnisse-2011\/\">Weiterlesen <span class=\"meta-nav\">&rarr;<\/span><\/a><\/p>\n","protected":false},"author":2,"featured_media":580,"parent":489,"menu_order":0,"comment_status":"closed","ping_status":"closed","template":"","meta":{"jetpack_post_was_ever_published":false,"footnotes":""},"class_list":["post-692","page","type-page","status-publish","has-post-thumbnail","hentry"],"jetpack_sharing_enabled":true,"jetpack_shortlink":"https:\/\/wp.me\/P3bUlp-ba","_links":{"self":[{"href":"https:\/\/www.woesr-golf.com\/wp\/wp-json\/wp\/v2\/pages\/692","targetHints":{"allow":["GET"]}}],"collection":[{"href":"https:\/\/www.woesr-golf.com\/wp\/wp-json\/wp\/v2\/pages"}],"about":[{"href":"https:\/\/www.woesr-golf.com\/wp\/wp-json\/wp\/v2\/types\/page"}],"author":[{"embeddable":true,"href":"https:\/\/www.woesr-golf.com\/wp\/wp-json\/wp\/v2\/users\/2"}],"replies":[{"embeddable":true,"href":"https:\/\/www.woesr-golf.com\/wp\/wp-json\/wp\/v2\/comments?post=692"}],"version-history":[{"count":10,"href":"https:\/\/www.woesr-golf.com\/wp\/wp-json\/wp\/v2\/pages\/692\/revisions"}],"predecessor-version":[{"id":696,"href":"https:\/\/www.woesr-golf.com\/wp\/wp-json\/wp\/v2\/pages\/692\/revisions\/696"}],"up":[{"embeddable":true,"href":"https:\/\/www.woesr-golf.com\/wp\/wp-json\/wp\/v2\/pages\/489"}],"wp:featuredmedia":[{"embeddable":true,"href":"https:\/\/www.woesr-golf.com\/wp\/wp-json\/wp\/v2\/media\/580"}],"wp:attachment":[{"href":"https:\/\/www.woesr-golf.com\/wp\/wp-json\/wp\/v2\/media?parent=692"}],"curies":[{"name":"wp","href":"https:\/\/api.w.org\/{rel}","templated":true}]}}