{"id":6429,"date":"2014-10-31T07:58:34","date_gmt":"2014-10-31T07:58:34","guid":{"rendered":"http:\/\/www.woesr-golf.com\/wp\/?page_id=6429"},"modified":"2015-05-21T07:00:30","modified_gmt":"2015-05-21T07:00:30","slug":"wettspielausschreibung-5-tag-gc-mieminger-plateau","status":"publish","type":"page","link":"https:\/\/www.woesr-golf.com\/wp\/turniere-vorjahre\/wettspielergebnisse-2015\/wettspielausschreibungen-2015\/wettspielausschreibung-5-tag-gc-mieminger-plateau\/","title":{"rendered":"Wettspielausschreibung 4. Tag GC. Mieminger Plateau"},"content":{"rendered":"<p><span style=\"color: #000000;\">Stableford \u00fcber 18 L\u00f6cher f\u00fcr Herren<\/span><\/p>\n<div>\n<p><span style=\"color: #000000;\"><strong><span style=\"color: #ff0000;\">Neuer Termin:\u00a0Montag<\/span><\/strong>, <strong><span style=\"color: #ff0000;\">27. Juli\u00a02015 \u00a0Start: 8:30 Uhr<\/span><\/strong><\/span><\/p>\n<p><span style=\"color: #000000;\">von Tee 1 gelb<\/span><\/p>\n<p><span style=\"color: #000000;\">Startreihenfolge Gruppen \u00a0AB\u00a0 CD<strong><br \/><\/strong><\/span><\/p>\n<p><span style=\"color: #000000;\">Gespielt wird nach den Offiziellen Golfregeln des R&amp;A, dem Standard- und Vorgabesystem und der Spiel- und Wettspielordnung des \u00d6sterreichischen Golf-Verbandes, sowie der Platzregeln des GC. Mieminger Plateau die aush\u00e4ngen.<\/span><\/p>\n<p><span style=\"color: #000000;\">Das Wettspiel ist vorgabewirksam.<\/span><\/p>\n<p><span style=\"color: #000000;\">Teilnahmeberechtigt sind Senioren, die in diesem Jahr 55 Jahre alt werden\/sind, Supersenioren ab 70igstem Lebensjahr und die Mitglied in einem teilnehmenden Golf Club sind. Gastspieler werden ausser Konkurrenz gewertet.<\/span><\/p>\n<p><span style=\"color: #000000;\">E-Carbenutzung f\u00fcr Senioren mit \u00e4rztlichem Attest 2015 und f\u00fcr Masters gestattet. Die Verwendung von GPS Entfernungsmessger\u00e4ten ist erlaubt, darf aber nicht zu Spielverz\u00f6gerungen f\u00fchren. Maximale Spielzeit 5:00 Stunden.<\/span><\/p>\n<p><span style=\"color: #000000;\">Vorgabegrenze: Die H\u00f6chstvorgabe betr\u00e4gt \u2013 36. Liegt die Spielvorgabe eines Spielers \u00fcber 36, muss er sich mit der zul\u00e4ssigen H\u00f6chstvorgabe begn\u00fcgen<\/span><\/p>\n<div id=\"attachment_6773\" style=\"width: 214px\" class=\"wp-caption alignright\"><a href=\"https:\/\/i0.wp.com\/www.woesr-golf.com\/wp\/wp-content\/uploads\/2014\/11\/vivobarefoot-logo.png\"><img data-recalc-dims=\"1\" loading=\"lazy\" decoding=\"async\" aria-describedby=\"caption-attachment-6773\" class=\"wp-image-6773 size-full\" src=\"https:\/\/i0.wp.com\/www.woesr-golf.com\/wp\/wp-content\/uploads\/2014\/11\/vivobarefoot-logo.png?resize=204%2C43\" alt=\"vivobarefoot\" width=\"204\" height=\"43\" \/><\/a><p id=\"caption-attachment-6773\" class=\"wp-caption-text\">Unter den anwesenden Teilnehmern der Gruppen CD, wird bei der Preisverteilung ein Paar Golfschuhe im Wert von 150,00 \u20ac verlost.<\/p><\/div>\n<p><span style=\"color: #000000;\">Preise und Wertung: \u00a0 \u00a0 \u00a0 \u00a0 \u00a0 \u00a0 \u00a0 \u00a0 \u00a0 \u00a0 \u00a0 \u00a0 \u00a0 \u00a0 \u00a0 \u00a0\u00a0<\/span><\/p>\n<p><span style=\"color: #000000;\">1 Bruttopreis, 3 Nettopreise je Klasse. (Klasseneinteilung in vier etwa gleich gro\u00dfe Gruppen)<\/span><\/p>\n<p><span style=\"color: #000000;\">Supersenioren \u2013 Masters:<\/span><\/p>\n<p><span style=\"color: #000000;\">1 Bruttopreis 3 Nettopreise<\/span><\/p>\n<p><span style=\"color: #000000;\">Nennungsschluss: 24. Juli\u00a02015 12:00 Uhr<\/span><\/p>\n<p><span style=\"color: #000000;\">Bitte Supersenioren besonders kennzeichnen, bzw sep. melden.<\/span><\/p>\n<p><span style=\"color: #000000;\">Nenngeld: 46.00 Euro, f\u00fcr G\u00e4ste 15.00 \u20ac \u2013 Greenfee zus\u00e4tzlich.<\/span><\/p>\n<p><span style=\"color: #000000;\">Das Nenngeld muss vor dem Start entrichtet werden. Spieler, die nicht zum Wettspiel antreten, \u00a0bezahlen \u20ac 20,00 siehe Beschluss der SCpt. u.a. \u00a0Die Beschl\u00fcsse der Senior Captains v. 17.01.2012 f\u00fcr die WOESR 2012 bitte unbedingt beachten.<\/span><\/p>\n<p><span style=\"color: #000000;\">Wettspielleitung: Wird am schwarzen Brett bekannt gegeben<\/span><\/p>\n<p><span style=\"color: #000000;\">Die Wettspielleitung hat in begr\u00fcndeten F\u00e4llen das Recht, die Platzregeln abzu\u00e4ndern, die Startzeiten und Klasseneinteilungen neu festzusetzen oder abzu\u00e4ndern sowie die Ausschreibungsbedingungen abzu\u00e4ndern oder zus\u00e4tzliche Bedingungen herauszugeben.<\/span><\/p>\n<p><span style=\"color: #000000;\">Meldungen clubweise mit Fax 052645336 oder<\/span><\/p>\n<p><span style=\"color: #000000;\">Email: direkt an das Sekretariat des GC.Mieminger Plateau <a style=\"color: #000000;\" href=\"mailto:info@golfmieming.com\">info@golfmieming.com<\/a><\/span><\/p>\n<p><span style=\"color: #000000;\">Wir freuen uns auf eine zahlreiche Teilnahme.<\/span><\/p>\n<p><a href=\"https:\/\/i0.wp.com\/www.woesr-golf.com\/wp\/wp-content\/uploads\/2015\/02\/linie_horizontal.jpg\"><img data-recalc-dims=\"1\" loading=\"lazy\" decoding=\"async\" class=\"aligncenter size-full wp-image-7406\" src=\"https:\/\/i0.wp.com\/www.woesr-golf.com\/wp\/wp-content\/uploads\/2015\/02\/linie_horizontal.jpg?resize=240%2C20\" alt=\"linie_horizontal\" width=\"240\" height=\"20\" \/><\/a><\/p>\n<p><strong>Auszug aus dem Sitzungsprotokoll der Sen.Cpt. am 17.01.2012:<\/strong><\/p>\n<p>Clubmitglieder im eigenen Club bezahlen 15,00 \u20ac incl. Org.<\/p>\n<p>VERANTWORTUNG Startlistenerstellung und Abwicklung<\/p>\n<p>Der jeweilige Scpt. ist dem Sekretariat behilflich bei der Startlistenerstellung und tr\u00e4gt die Verantwortung daf\u00fcr. Sonderw\u00fcnsche werden nur im Rahmen der Machbarkeit ber\u00fccksichtigt.FAHRGEMEINSCHAFTEN werden nur innerhalb der Gruppen AB und CD ber\u00fccksichtigt. Die nahe Wohnenden oder in den N\u00e4he \u00fcbernachtenden Senioren sollen zuerst starten.<\/p>\n<p>NENNUNGEN nur mehr Clubweise.<\/p>\n<p>NENNUNGSSCHLUSS drei Tage vor dem Turnier um 12:00 Mittag.<\/p>\n<p>ABSAGEN nach Nennungsschluss werden nicht mehr akzeptiert. Eine Bearbeitungsgeb\u00fchr von \u20ac 20,00 ist in diesem Falle zu entrichten. (Beschluss der Sen.Cpt. vom Juni 2014) Ausnahmen nur bei Erkrankungen und nachgereichtem \u00e4rztlichem Attest.<\/p>\n<p>Bei Nichtbezahlen der Nenngeldnachforderung erfolgt eine Turniersperre bei der n\u00e4chsten Anmeldung.Die Namen der zu sperrenden Senioren werden vom Scpt. den Organisatoren zur weiteren Veranlassung mitgeteilt.<\/p>\n<p>Die zweigeteilte Preisverteilung bleibt. Die Preise werden nicht mehr weiter gegeben. Anwesende Clubmitglieder oder Freunde \u00fcbernehmen die Preise und leiten sie weiter<\/p>\n<p>Die Organisatoren und Sen.Cpt. der WOESR<\/p>\n<p>&nbsp;<\/p>\n<p><a title=\"Seite bearbeiten\" href=\"http:\/\/www.woesr-golf.com\/wp\/wp-admin\/post.php?post=2814&amp;action=edit\">Bearbeiten<\/a><\/p>\n<\/div>\n","protected":false},"excerpt":{"rendered":"<p>Stableford \u00fcber 18 L\u00f6cher f\u00fcr Herren Neuer Termin:\u00a0Montag, 27. Juli\u00a02015 \u00a0Start: 8:30 Uhr von Tee 1 gelb Startreihenfolge Gruppen \u00a0AB\u00a0 CD Gespielt wird nach den Offiziellen Golfregeln des R&amp;A, dem Standard- und Vorgabesystem und der Spiel- und Wettspielordnung des \u00d6sterreichischen &hellip; <a href=\"https:\/\/www.woesr-golf.com\/wp\/turniere-vorjahre\/wettspielergebnisse-2015\/wettspielausschreibungen-2015\/wettspielausschreibung-5-tag-gc-mieminger-plateau\/\">Weiterlesen <span class=\"meta-nav\">&rarr;<\/span><\/a><\/p>\n","protected":false},"author":2,"featured_media":6370,"parent":6411,"menu_order":4,"comment_status":"closed","ping_status":"closed","template":"","meta":{"jetpack_post_was_ever_published":false,"footnotes":""},"class_list":["post-6429","page","type-page","status-publish","has-post-thumbnail","hentry"],"jetpack_sharing_enabled":true,"jetpack_shortlink":"https:\/\/wp.me\/P3bUlp-1FH","_links":{"self":[{"href":"https:\/\/www.woesr-golf.com\/wp\/wp-json\/wp\/v2\/pages\/6429","targetHints":{"allow":["GET"]}}],"collection":[{"href":"https:\/\/www.woesr-golf.com\/wp\/wp-json\/wp\/v2\/pages"}],"about":[{"href":"https:\/\/www.woesr-golf.com\/wp\/wp-json\/wp\/v2\/types\/page"}],"author":[{"embeddable":true,"href":"https:\/\/www.woesr-golf.com\/wp\/wp-json\/wp\/v2\/users\/2"}],"replies":[{"embeddable":true,"href":"https:\/\/www.woesr-golf.com\/wp\/wp-json\/wp\/v2\/comments?post=6429"}],"version-history":[{"count":13,"href":"https:\/\/www.woesr-golf.com\/wp\/wp-json\/wp\/v2\/pages\/6429\/revisions"}],"predecessor-version":[{"id":7851,"href":"https:\/\/www.woesr-golf.com\/wp\/wp-json\/wp\/v2\/pages\/6429\/revisions\/7851"}],"up":[{"embeddable":true,"href":"https:\/\/www.woesr-golf.com\/wp\/wp-json\/wp\/v2\/pages\/6411"}],"wp:featuredmedia":[{"embeddable":true,"href":"https:\/\/www.woesr-golf.com\/wp\/wp-json\/wp\/v2\/media\/6370"}],"wp:attachment":[{"href":"https:\/\/www.woesr-golf.com\/wp\/wp-json\/wp\/v2\/media?parent=6429"}],"curies":[{"name":"wp","href":"https:\/\/api.w.org\/{rel}","templated":true}]}}