{"id":4429,"date":"2013-10-20T13:53:26","date_gmt":"2013-10-20T13:53:26","guid":{"rendered":"http:\/\/www.woesr-golf.com\/wp\/?page_id=4429"},"modified":"2013-10-20T13:53:26","modified_gmt":"2013-10-20T13:53:26","slug":"wettspielausschreibung-3-tag-gc-wilder-kaiser","status":"publish","type":"page","link":"https:\/\/www.woesr-golf.com\/wp\/turniere-vorjahre\/2014-2\/wettspielausschreibungen-2014\/wettspielausschreibung-3-tag-gc-wilder-kaiser\/","title":{"rendered":"Wettspielausschreibung 3. Tag GC. Wilder Kaiser"},"content":{"rendered":"<div>\n<p><span style=\"color: #0000ff; font-family: arial,helvetica,sans-serif;\">Stableford \u00fcber 18 L\u00f6cher f\u00fcr Herren<\/span><\/p>\n<p><span style=\"color: #0000ff; font-family: arial,helvetica,sans-serif;\">Montag, 19. Mai\u00a0 2014\u00a0 Start: 8:30 Uhr<\/span><\/p>\n<p><span style=\"color: #0000ff; font-family: arial,helvetica,sans-serif;\">von Tee 1 gelb<\/span><\/p>\n<p><span style=\"color: #0000ff; font-family: arial,helvetica,sans-serif;\">Startreihenfolge Gruppen\u00a0\u00a0 <strong>AB CD<br \/>\n<\/strong><\/span><\/p>\n<p><span style=\"color: #0000ff; font-family: arial,helvetica,sans-serif;\">Gespielt wird nach den Offiziellen Golfregeln des R&amp;A, dem Standard- und Vorgabesystem und der Spiel- und Wettspielordnung des \u00d6sterreichischen Golf-Verbandes, sowie der Platzregeln des GC. Wilder Kaiser Ellmau die aush\u00e4ngen.<\/span><\/p>\n<p><span style=\"color: #0000ff; font-family: arial,helvetica,sans-serif;\">Das Wettspiel ist vorgabewirksam.<\/span><\/p>\n<p><span style=\"color: #0000ff; font-family: arial,helvetica,sans-serif;\">Teilnahmeberechtigt sind Senioren, die in diesem Jahr 55 Jahre alt werden\/sind, Supersenioren ab 70igstem Lebensjahr und die Mitglied in einem teilnehmenden Golf Club sind. Gastspieler werden ausser Konkurrenz gewertet.<\/span><\/p>\n<p><span style=\"color: #0000ff; font-family: arial,helvetica,sans-serif;\">E-Carbenutzung f\u00fcr Senioren mit \u00e4rztlichem Attest 2014 und f\u00fcr Masters gestattet. Die Verwendung von GPS Entfernungsmessger\u00e4ten ist erlaubt, darf aber nicht zu Spielverz\u00f6gerungen f\u00fchren. Maximale Spielzeit 5:00 Stunden.<\/span><\/p>\n<p><span style=\"color: #0000ff; font-family: arial,helvetica,sans-serif;\">Vorgabegrenze: Die H\u00f6chstvorgabe betr\u00e4gt \u2013 36. Liegt die Spielvorgabe eines Spielers \u00fcber 36, muss er sich mit der zul\u00e4ssigen H\u00f6chstvorgabe begn\u00fcgen<\/span><\/p>\n<p><span style=\"color: #0000ff; font-family: arial,helvetica,sans-serif;\">Preise und Wertung:<\/span><\/p>\n<p><span style=\"color: #0000ff; font-family: arial,helvetica,sans-serif;\">1 Bruttopreis, 3 Nettopreise je Klasse. (Klasseneinteilung in vier etwa gleich gro\u00dfe Gruppen)<\/span><\/p>\n<p><span style=\"color: #0000ff; font-family: arial,helvetica,sans-serif;\">Supersenioren \u2013 Masters:<\/span><\/p>\n<p><span style=\"color: #0000ff; font-family: arial,helvetica,sans-serif;\">1 Bruttopreis 3 Nettopreise<\/span><\/p>\n<p><span style=\"color: #0000ff; font-family: arial,helvetica,sans-serif;\">Nennungsschluss: 16. Mai 2014 12:00 Uhr<\/span><\/p>\n<p><span style=\"color: #0000ff; font-family: arial,helvetica,sans-serif;\">Bitte Supersenioren besonders kennzeichnen, bzw sep. melden.<\/span><\/p>\n<p><span style=\"color: #0000ff; font-family: arial,helvetica,sans-serif;\">Nenngeld: 46.00 Euro, f\u00fcr G\u00e4ste 15.00 \u20ac \u2013 Greenfee zus\u00e4tzlich.<\/span><\/p>\n<p><span style=\"color: #0000ff; font-family: arial,helvetica,sans-serif;\">Das Nenngeld muss vor dem Start entrichtet werden. Spieler, die nicht zum Wettspiel antreten, sind von der Zahlung des Nenngeldes nicht befreit. Die Beschl\u00fcsse der Senior Captains v. 17.01.2012 f\u00fcr die WOESR 2012 bitte unbedingt beachten.<\/span><\/p>\n<p><span style=\"color: #0000ff; font-family: arial,helvetica,sans-serif;\">Wettspielleitung: Wird am schwarzen Brett bekannt gegeben<\/span><\/p>\n<p><span style=\"color: #0000ff; font-family: arial,helvetica,sans-serif;\">Die Wettspielleitung hat in begr\u00fcndeten F\u00e4llen das Recht, die Platzregeln abzu\u00e4ndern, die Startzeiten und Klasseneinteilungen neu festzusetzen oder abzu\u00e4ndern sowie die Ausschreibungsbedingungen abzu\u00e4ndern oder zus\u00e4tzliche Bedingungen herauszugeben.<\/span><\/p>\n<p><span style=\"color: #0000ff; font-family: arial,helvetica,sans-serif;\">Meldungen clubweise mit Fax 05358428242 oder<\/span><\/p>\n<p><span style=\"color: #0000ff; font-family: arial,helvetica,sans-serif;\">Email: direkt an das Sekretariat des GC. Wilder Kaiser\u00a0<a href=\"mailto:office@wilder-kaiser.com\"><span style=\"color: #0000ff;\"> office@wilder-kaiser.com<\/span><\/a><\/span><\/p>\n<p><span style=\"color: #0000ff; font-family: arial,helvetica,sans-serif;\">Wir freuen uns auf eine zahlreiche Teilnahme.<\/span><\/p>\n<p><span style=\"color: #0000ff; font-family: arial,helvetica,sans-serif;\"><strong>Auszug aus dem Sitzungsprotokoll der Sen.Cpt. am 17.01.2012:<\/strong><\/span><\/p>\n<p><span style=\"color: #0000ff; font-family: arial,helvetica,sans-serif;\">Clubmitglieder im eigenen Club bezahlen 15,00 \u20ac incl. Org.<\/span><\/p>\n<p><span style=\"color: #0000ff; font-family: arial,helvetica,sans-serif;\">VERANTWORTUNG Startlistenerstellung und Abwicklung<\/span><\/p>\n<p><span style=\"color: #0000ff; font-family: arial,helvetica,sans-serif;\">Der jeweilige Scpt. ist dem Sekretariat behilflich bei der Startlistenerstellung und tr\u00e4gt die Verantwortung daf\u00fcr. Sonderw\u00fcnsche werden nur im Rahmen der Machbarkeit ber\u00fccksichtigt.FAHRGEMEINSCHAFTEN werden nur innerhalb der Gruppen AB und CD ber\u00fccksichtigt. Die nahe Wohnenden oder in den N\u00e4he \u00fcbernachtenden Senioren sollen zuerst starten.<\/span><\/p>\n<p><span style=\"color: #0000ff; font-family: arial,helvetica,sans-serif;\">NENNUNGEN nur mehr Clubweise.<\/span><\/p>\n<p><span style=\"color: #0000ff; font-family: arial,helvetica,sans-serif;\">NENNUNGSSCHLUSS drei Tage vor dem Turnier um 12:00 Mittag.<\/span><\/p>\n<p><span style=\"color: #0000ff; font-family: arial,helvetica,sans-serif;\">ABSAGEN nach Nennungsschluss werden nicht mehr akzeptiert. Das Nenngeld ist in diesem Falle zu entrichten. Ausnahmen nur bei Erkrankungen und nachgereichtem \u00e4rztlichem Attest.<\/span><\/p>\n<p><span style=\"color: #0000ff; font-family: arial,helvetica,sans-serif;\">Bei Nichtbezahlen der Nenngeldnachforderung erfolgt eine Turniersperre bei der n\u00e4chsten Anmeldung.Die Namen der zu sperrenden Senioren werden vom Scpt. den Organisatoren zur weiteren Veranlassung mitgeteilt.<\/span><\/p>\n<p><span style=\"color: #0000ff; font-family: arial,helvetica,sans-serif;\">Die zweigeteilte Preisverteilung bleibt. Die Preise werden nicht mehr weiter gegeben. Anwesende Clumitglieder oder Freunde \u00fcbernehmen die Preise und leiten sie weiter.<\/span><\/p>\n<p><span style=\"color: #0000ff; font-family: arial,helvetica,sans-serif;\">Die Organisatoren und Sen.Cpt. der WOESR<\/span><\/p>\n<p><span style=\"color: #0000ff; font-family: arial,helvetica,sans-serif;\">\u00a0<\/span><\/p>\n<p><span style=\"color: #0000ff; font-family: arial,helvetica,sans-serif;\"><a title=\"Seite bearbeiten\" href=\"http:\/\/www.woesr-golf.com\/wp\/wp-admin\/post.php?post=2769&amp;action=edit\"><span style=\"color: #0000ff;\">Bearbeiten<\/span><\/a><\/span><\/p>\n<\/div>\n","protected":false},"excerpt":{"rendered":"<p>Stableford \u00fcber 18 L\u00f6cher f\u00fcr Herren Montag, 19. Mai\u00a0 2014\u00a0 Start: 8:30 Uhr von Tee 1 gelb Startreihenfolge Gruppen\u00a0\u00a0 AB CD Gespielt wird nach den Offiziellen Golfregeln des R&amp;A, dem Standard- und Vorgabesystem und der Spiel- und Wettspielordnung des \u00d6sterreichischen &hellip; <a href=\"https:\/\/www.woesr-golf.com\/wp\/turniere-vorjahre\/2014-2\/wettspielausschreibungen-2014\/wettspielausschreibung-3-tag-gc-wilder-kaiser\/\">Weiterlesen <span class=\"meta-nav\">&rarr;<\/span><\/a><\/p>\n","protected":false},"author":2,"featured_media":3744,"parent":4415,"menu_order":3,"comment_status":"closed","ping_status":"closed","template":"","meta":{"jetpack_post_was_ever_published":false,"footnotes":""},"class_list":["post-4429","page","type-page","status-publish","has-post-thumbnail","hentry"],"jetpack_sharing_enabled":true,"jetpack_shortlink":"https:\/\/wp.me\/P3bUlp-19r","_links":{"self":[{"href":"https:\/\/www.woesr-golf.com\/wp\/wp-json\/wp\/v2\/pages\/4429","targetHints":{"allow":["GET"]}}],"collection":[{"href":"https:\/\/www.woesr-golf.com\/wp\/wp-json\/wp\/v2\/pages"}],"about":[{"href":"https:\/\/www.woesr-golf.com\/wp\/wp-json\/wp\/v2\/types\/page"}],"author":[{"embeddable":true,"href":"https:\/\/www.woesr-golf.com\/wp\/wp-json\/wp\/v2\/users\/2"}],"replies":[{"embeddable":true,"href":"https:\/\/www.woesr-golf.com\/wp\/wp-json\/wp\/v2\/comments?post=4429"}],"version-history":[{"count":3,"href":"https:\/\/www.woesr-golf.com\/wp\/wp-json\/wp\/v2\/pages\/4429\/revisions"}],"predecessor-version":[{"id":4432,"href":"https:\/\/www.woesr-golf.com\/wp\/wp-json\/wp\/v2\/pages\/4429\/revisions\/4432"}],"up":[{"embeddable":true,"href":"https:\/\/www.woesr-golf.com\/wp\/wp-json\/wp\/v2\/pages\/4415"}],"wp:featuredmedia":[{"embeddable":true,"href":"https:\/\/www.woesr-golf.com\/wp\/wp-json\/wp\/v2\/media\/3744"}],"wp:attachment":[{"href":"https:\/\/www.woesr-golf.com\/wp\/wp-json\/wp\/v2\/media?parent=4429"}],"curies":[{"name":"wp","href":"https:\/\/api.w.org\/{rel}","templated":true}]}}