{"id":2852,"date":"2012-11-03T14:25:32","date_gmt":"2012-11-03T14:25:32","guid":{"rendered":"http:\/\/www.woesr-golf.com\/wp\/?page_id=2852"},"modified":"2013-07-31T13:33:56","modified_gmt":"2013-07-31T13:33:56","slug":"wettspielausschreibung-17-tag-gc-bludenz-braz","status":"publish","type":"page","link":"https:\/\/www.woesr-golf.com\/wp\/turniere-vorjahre\/2013-2\/wettspielausschreibung-1-tag-dolomitengolf-osttirol\/wettspielausschreibung-17-tag-gc-bludenz-braz\/","title":{"rendered":"Wettspielausschreibung  14. Tag GC. Bludenz-Braz"},"content":{"rendered":"<p><span style=\"color: #0000ff;\">Stableford \u00fcber 18 L\u00f6cher f\u00fcr Herren<\/span><\/p>\n<p><span style=\"color: #0000ff;\">Montag, 12. August\u00a0 2013\u00a0 Start: 8:30 Uhr<\/span><\/p>\n<p><span style=\"color: #0000ff;\">Startreihenfolge von Tee 1 gelb :\u00a0\u00a0\u00a0 AB CD<\/span><\/p>\n<p><span style=\"color: #0000ff;\">Gespielt wird nach den Offiziellen Golfregeln des R&amp;A, dem Standard- und Vorgabesystem und der Spiel- und Wettspielordnung des \u00d6sterreichischen Golf-Verbandes, sowie der Platzregeln des GC. Bludenz-Braz\u00a0 die aush\u00e4ngen.<\/span><\/p>\n<p><span style=\"color: #0000ff;\">Das Wettspiel ist vorgabewirksam.<\/span><\/p>\n<p><span style=\"color: #0000ff;\">Teilnahmeberechtigt sind Senioren, die in diesem Jahr 55 Jahre alt werden\/sind, Supersenioren ab 70igstem Lebensjahr und die Mitglied in einem teilnehmenden Golf Club sind. Gastspieler werden ausser Konkurrenz gewertet.<\/span><\/p>\n<p><span style=\"color: #0000ff;\">E-Carbenutzung f\u00fcr Senioren mit \u00e4rztlichem Attest 2013 und f\u00fcr Masters gestattet. Die Verwendung von GPS Entfernungsmessger\u00e4ten ist erlaubt, darf aber nicht zu Spielverz\u00f6gerungen f\u00fchren. Maximale Spielzeit 5:00 Stunden.<\/span><\/p>\n<p><span style=\"color: #0000ff;\">Vorgabegrenze: Die H\u00f6chstvorgabe betr\u00e4gt \u2013 36. Liegt die Spielvorgabe eines Spielers \u00fcber 36, muss er sich mit der zul\u00e4ssigen H\u00f6chstvorgabe begn\u00fcgen<\/span><\/p>\n<p><span style=\"color: #0000ff;\">Preise und Wertung:<\/span><\/p>\n<p><span style=\"color: #0000ff;\">1 Bruttopreis, 3 Nettopreise je Klasse. (Klasseneinteilung in vier etwa gleich gro\u00dfe Gruppen)<\/span><\/p>\n<p><span style=\"color: #0000ff;\">Supersenioren \u2013 Masters:<\/span><\/p>\n<p><span style=\"color: #0000ff;\">1 Bruttopreis 3 Nettopreise<\/span><\/p>\n<p><span style=\"color: #0000ff;\">Nennungsschluss: 18. August\u00a0 2013 12:00 Uhr<\/span><\/p>\n<p><span style=\"color: #0000ff;\">Bitte Supersenioren besonders kennzeichnen, bzw sep. melden.<\/span><\/p>\n<p><span style=\"color: #0000ff;\">Nenngeld: 40,00 \u20ac f\u00fcr G\u00e4ste 15.00 \u20ac \u2013 Greenfee zus\u00e4tzlich.<\/span><\/p>\n<p><span style=\"color: #0000ff;\">Das Nenngeld muss vor dem Start entrichtet werden. Spieler, die nicht zum Wettspiel antreten, sind von der Zahlung des Nenngeldes nicht befreit. Die Beschl\u00fcsse der Senior Captains v. 17.01.2012 f\u00fcr die WOESR 2012 bitte unbedingt beachten.<\/span><\/p>\n<p><span style=\"color: #0000ff;\">Wettspielleitung: Wird am schwarzen Brett bekannt gegeben<\/span><\/p>\n<p><span style=\"color: #0000ff;\">Die Wettspielleitung hat in begr\u00fcndeten F\u00e4llen das Recht, die Platzregeln abzu\u00e4ndern, die Startzeiten und Klasseneinteilungen neu festzusetzen oder abzu\u00e4ndern sowie die Ausschreibungsbedingungen abzu\u00e4ndern oder zus\u00e4tzliche Bedingungen herauszugeben.<\/span><\/p>\n<p><span style=\"color: #0000ff;\">Meldungen clubweise mit Fax 055 52 33 503 3 oder<\/span><\/p>\n<p><span style=\"color: #0000ff;\">Email: direkt an das Sekretariat des GC. Bludenz Braz <a href=\"mailto:gcbraz@golf.at\"><span style=\"color: #0000ff;\">gcbraz@golf.at<\/span><\/a><\/span><\/p>\n<p><span style=\"color: #0000ff;\">Wir freuen uns auf eine zahlreiche Teilnahme.<\/span><\/p>\n<p><strong>Auszug aus dem Sitzungsprotokoll der Sen.Cpt. am 17.01.2012:<\/strong><\/p>\n<p>Clubmitglieder im eigenen Club bezahlen 15,00 \u20ac incl. Org.<\/p>\n<p>VERANTWORTUNG Startlistenerstellung und Abwicklung<\/p>\n<p>Der jeweilige Scpt. ist dem Sekretariat behilflich bei der Startlistenerstellung und tr\u00e4gt die Verantwortung daf\u00fcr. Sonderw\u00fcnsche werden nur im Rahmen der Machbarkeit ber\u00fccksichtigt.FAHRGEMEINSCHAFTEN werden nur innerhalb der Gruppen AB und CD ber\u00fccksichtigt. Die nahe Wohnenden oder in den N\u00e4he \u00fcbernachtenden Senioren sollen zuerst starten.<\/p>\n<p>NENNUNGEN nur mehr Clubweise.<\/p>\n<p>NENNUNGSSCHLUSS drei Tage vor dem Turnier um 12:00 Mittag.<\/p>\n<p>ABSAGEN nach Nennungsschluss werden nicht mehr akzeptiert. Das Nenngeld ist in diesem Falle zu entrichten. Ausnahmen nur bei Erkrankungen und nachgereichtem \u00e4rztlichem Attest.<\/p>\n<p>Bei Nichtbezahlen der Nenngeldnachforderung erfolgt eine Turniersperre bei der n\u00e4chsten Anmeldung.Die Namen der zu sperrenden Senioren werden vom Scpt. den Organisatoren zur weiteren Veranlassung mitgeteilt.<\/p>\n<p>Die zweigeteilte Preisverteilung bleibt. Die Preise werden nicht mehr weiter gegeben. Anwesende Clumitglieder oder Freunde \u00fcbernehmen die Preise und leiten sie weiter<\/p>\n<p>Die Organisatoren und Sen.Cpt. der WOESR<\/p>\n","protected":false},"excerpt":{"rendered":"<p>Stableford \u00fcber 18 L\u00f6cher f\u00fcr Herren Montag, 12. August\u00a0 2013\u00a0 Start: 8:30 Uhr Startreihenfolge von Tee 1 gelb :\u00a0\u00a0\u00a0 AB CD Gespielt wird nach den Offiziellen Golfregeln des R&amp;A, dem Standard- und Vorgabesystem und der Spiel- und Wettspielordnung des \u00d6sterreichischen &hellip; <a href=\"https:\/\/www.woesr-golf.com\/wp\/turniere-vorjahre\/2013-2\/wettspielausschreibung-1-tag-dolomitengolf-osttirol\/wettspielausschreibung-17-tag-gc-bludenz-braz\/\">Weiterlesen <span class=\"meta-nav\">&rarr;<\/span><\/a><\/p>\n","protected":false},"author":2,"featured_media":580,"parent":2670,"menu_order":14,"comment_status":"closed","ping_status":"closed","template":"","meta":{"jetpack_post_was_ever_published":false,"footnotes":""},"class_list":["post-2852","page","type-page","status-publish","has-post-thumbnail","hentry"],"jetpack_sharing_enabled":true,"jetpack_shortlink":"https:\/\/wp.me\/P3bUlp-K0","_links":{"self":[{"href":"https:\/\/www.woesr-golf.com\/wp\/wp-json\/wp\/v2\/pages\/2852","targetHints":{"allow":["GET"]}}],"collection":[{"href":"https:\/\/www.woesr-golf.com\/wp\/wp-json\/wp\/v2\/pages"}],"about":[{"href":"https:\/\/www.woesr-golf.com\/wp\/wp-json\/wp\/v2\/types\/page"}],"author":[{"embeddable":true,"href":"https:\/\/www.woesr-golf.com\/wp\/wp-json\/wp\/v2\/users\/2"}],"replies":[{"embeddable":true,"href":"https:\/\/www.woesr-golf.com\/wp\/wp-json\/wp\/v2\/comments?post=2852"}],"version-history":[{"count":10,"href":"https:\/\/www.woesr-golf.com\/wp\/wp-json\/wp\/v2\/pages\/2852\/revisions"}],"predecessor-version":[{"id":4072,"href":"https:\/\/www.woesr-golf.com\/wp\/wp-json\/wp\/v2\/pages\/2852\/revisions\/4072"}],"up":[{"embeddable":true,"href":"https:\/\/www.woesr-golf.com\/wp\/wp-json\/wp\/v2\/pages\/2670"}],"wp:featuredmedia":[{"embeddable":true,"href":"https:\/\/www.woesr-golf.com\/wp\/wp-json\/wp\/v2\/media\/580"}],"wp:attachment":[{"href":"https:\/\/www.woesr-golf.com\/wp\/wp-json\/wp\/v2\/media?parent=2852"}],"curies":[{"name":"wp","href":"https:\/\/api.w.org\/{rel}","templated":true}]}}