{"id":2690,"date":"2012-10-29T15:07:39","date_gmt":"2012-10-29T15:07:39","guid":{"rendered":"http:\/\/www.woesr-golf.com\/wp\/?page_id=2690"},"modified":"2013-05-01T11:32:56","modified_gmt":"2013-05-01T11:32:56","slug":"teilnahmebedingungen-2013","status":"publish","type":"page","link":"https:\/\/www.woesr-golf.com\/wp\/turniere-vorjahre\/2013-2\/teilnahmebedingungen-2013\/","title":{"rendered":"Teilnahmebedingungen 2013"},"content":{"rendered":"<p><strong>Vorgesehen sind 17 Turniere.<br \/>\nVon den 17 Turnieren m\u00fcssen 7 in die Wertung kommen.<\/strong><\/p>\n<p><strong>Maximal sind 10 Streichresultate m\u00f6glich. <\/strong><br \/>\n<strong>F\u00fcr die Club-Mannschaftswertung werden die vier besten Einzelergebnisse<\/strong><\/p>\n<p><strong> Brutto und Netto <\/strong><\/p>\n<p><strong>von jedem Turnier festgehalten. Auch hier sind 10\u00a0 Streichungen m\u00f6glich. <\/strong><br \/>\n<em><strong><\/strong><\/em><\/p>\n<p><em><strong><span style=\"color: #0000ff;\">Wertungen und Preise:<\/span> <\/strong><\/em><\/p>\n<p><strong>Gesamtmannschaftswertung: <em><span style=\"color: #0000ff;\">3 Mannschaftsbruttopreise incl. \u00a0 \u00a0 \u00a0 \u00a0 \u00a0 \u00a0 \u00a0 \u00a0 \u00a0 \u00a0 \u00a0 \u00a0 \u00a0\u00a0\u00a0\u00a0 3 Mannschaftsnettopreise.<\/span><\/em><\/strong><\/p>\n<p><strong>Gesamteinzelwertung: <em><span style=\"color: #0000ff;\">3 Einzelbruttopreise, 7 Einzelnettopreise<\/span> <\/em><\/strong><\/p>\n<div style=\"text-align: left;\" align=\"center\"><span style=\"font-size: medium;\"><strong>Gesamteinzelwertung Masters &#8211; Super Senioren (Senioren \u00fcber 7o): <\/strong><strong><em><\/em><\/strong><\/span><\/div>\n<div align=\"center\"><span style=\"font-size: medium;\"><strong><em><span style=\"color: #0000ff;\">3 Brutto- und 7 Nettopreise<\/span> <\/em><\/strong><\/span><\/div>\n<div style=\"text-align: left;\" align=\"center\"><\/div>\n<div style=\"text-align: left;\" align=\"center\"><strong><span style=\"font-size: medium;\">Als weitere Preise gibt es die<\/span><\/strong> <em><span style=\"color: #0000ff; font-size: medium;\">3 Netto-Einzelwertungen innerhalb der Clubs.<\/span><\/em><strong><em>\u00a0\u00a0\u00a0\u00a0\u00a0\u00a0\u00a0\u00a0\u00a0\u00a0\u00a0\u00a0\u00a0\u00a0\u00a0\u00a0 <\/em><span style=\"font-size: medium;\">Hier werden die <em>drei Netto-Clubbesten jedes Clubs <\/em>aus der Gesamtwertung ermittelt.<\/span> <\/strong><\/div>\n<div align=\"left\"><\/div>\n<p align=\"left\"><span style=\"font-size: medium;\"><strong>Einzelwertungen, bzw. Preise bei jedem Turnier:<\/strong><\/span><strong><em><span style=\"color: #0000ff; font-size: medium;\"> 4 Gruppen mit je 3 Netto Preisen, <\/span><\/em><\/strong><span style=\"color: #000000;\">(die gemeldeten Teilnehmer werden in vier ca. gleichstarke Gruppen eingeteilt)<strong><br \/>\n<\/strong><\/span><strong><em><span style=\"color: #0000ff; font-size: medium;\">1 Bruttopreis<\/span><\/em><\/strong><br \/>\n<strong><em><span style=\"font-size: medium;\"><span style=\"color: #0000ff;\"> 1 Brutto- und 3 Nettopreise f\u00fcr Supersenioren &#8211; Masters<\/span><br \/>\n<\/span><\/em><\/strong><br \/>\n<span style=\"font-size: medium;\"> <strong>Startgeb\u00fchr mit Greenfee f\u00fcr Senioren der in 2013 teilnehmenden Clubs bitte den Wettspielausschreibungen entnehmen.<br \/>\nF\u00fcr Senioren aus anderen Clubs \u20ac 15,00 + Greenfee<\/strong>. <strong>Gastspieler werden nur ausser Konkurrenz zugelassen.<\/strong> Von der Startgeb\u00fchr erh\u00e4lt\u00a0 die ORGA der WOESR\u00a0\u00a0 \u20ac 4.oo\u00a0 zur Abdeckung entstandener Kosten, f\u00fcr die Abschlussveranstaltung und den Ankauf der Preise f\u00fcr die Gesamtwertungen.<\/span><\/p>\n<div align=\"left\"><\/div>\n<div align=\"left\"><span style=\"font-size: medium;\"><strong>Gez.:<\/strong><\/span><\/div>\n<h6 align=\"left\"><span style=\"font-size: medium;\"><strong>Die Organisatoren<\/strong><\/span><\/h6>\n<p><strong>Peter Haid, Horst Ehrlich, Peter Daxerer und Senioren-Captains.<\/strong><\/p>\n","protected":false},"excerpt":{"rendered":"<p>Vorgesehen sind 17 Turniere. Von den 17 Turnieren m\u00fcssen 7 in die Wertung kommen. Maximal sind 10 Streichresultate m\u00f6glich. F\u00fcr die Club-Mannschaftswertung werden die vier besten Einzelergebnisse Brutto und Netto von jedem Turnier festgehalten. Auch hier sind 10\u00a0 Streichungen m\u00f6glich. &hellip; <a href=\"https:\/\/www.woesr-golf.com\/wp\/turniere-vorjahre\/2013-2\/teilnahmebedingungen-2013\/\">Weiterlesen <span class=\"meta-nav\">&rarr;<\/span><\/a><\/p>\n","protected":false},"author":2,"featured_media":580,"parent":3274,"menu_order":0,"comment_status":"closed","ping_status":"closed","template":"","meta":{"jetpack_post_was_ever_published":false,"footnotes":""},"class_list":["post-2690","page","type-page","status-publish","has-post-thumbnail","hentry"],"jetpack_sharing_enabled":true,"jetpack_shortlink":"https:\/\/wp.me\/P3bUlp-Ho","_links":{"self":[{"href":"https:\/\/www.woesr-golf.com\/wp\/wp-json\/wp\/v2\/pages\/2690","targetHints":{"allow":["GET"]}}],"collection":[{"href":"https:\/\/www.woesr-golf.com\/wp\/wp-json\/wp\/v2\/pages"}],"about":[{"href":"https:\/\/www.woesr-golf.com\/wp\/wp-json\/wp\/v2\/types\/page"}],"author":[{"embeddable":true,"href":"https:\/\/www.woesr-golf.com\/wp\/wp-json\/wp\/v2\/users\/2"}],"replies":[{"embeddable":true,"href":"https:\/\/www.woesr-golf.com\/wp\/wp-json\/wp\/v2\/comments?post=2690"}],"version-history":[{"count":15,"href":"https:\/\/www.woesr-golf.com\/wp\/wp-json\/wp\/v2\/pages\/2690\/revisions"}],"predecessor-version":[{"id":3291,"href":"https:\/\/www.woesr-golf.com\/wp\/wp-json\/wp\/v2\/pages\/2690\/revisions\/3291"}],"up":[{"embeddable":true,"href":"https:\/\/www.woesr-golf.com\/wp\/wp-json\/wp\/v2\/pages\/3274"}],"wp:featuredmedia":[{"embeddable":true,"href":"https:\/\/www.woesr-golf.com\/wp\/wp-json\/wp\/v2\/media\/580"}],"wp:attachment":[{"href":"https:\/\/www.woesr-golf.com\/wp\/wp-json\/wp\/v2\/media?parent=2690"}],"curies":[{"name":"wp","href":"https:\/\/api.w.org\/{rel}","templated":true}]}}