{"id":24,"date":"2012-01-30T14:01:30","date_gmt":"2012-01-30T14:01:30","guid":{"rendered":"http:\/\/woesr-golf.com\/wp\/?page_id=24"},"modified":"2012-06-09T11:43:12","modified_gmt":"2012-06-09T11:43:12","slug":"wettspieltermine-2012","status":"publish","type":"page","link":"https:\/\/www.woesr-golf.com\/wp\/turniere-vorjahre\/2012-2\/wettspieltermine-2012\/","title":{"rendered":"Wettspieltermine 2012"},"content":{"rendered":"<p align=\"center\"><strong>Mo. 07. Mai GC. Dolomitengolf Osttirol<\/strong><\/p>\n<p align=\"center\"><strong>Di. 08. Mai GC. Mittersill<\/strong><\/p>\n<p align=\"center\"><strong>Di. 22. Mai GC. Wilder Kaiser Ellmau<\/strong><\/p>\n<p align=\"center\"><strong>Mi. 23. Mai GC. Kitzb\u00fchel Schwarzsee<\/strong><\/p>\n<p align=\"center\"><strong><span style=\"color: #ff0000;\">Mo. 27. August GCC. L\u00e4rchenhof AB<\/span><span><span style=\"color: #ff0000;\"> CD Termin\u00e4nderung<\/span><br \/>\n<\/span><\/strong><\/p>\n<p align=\"center\"><strong><span style=\"color: #ff0000;\">Mo. 2. Juli\u00a0<\/span> <span style=\"color: #ff0000;\">GC. Kitzb\u00fchel\u00a0 CD\u00a0<\/span><span style=\"color: #ff0000;\">AB Termin\u00e4nderung<\/span><\/strong><\/p>\n<p align=\"center\"><strong>Mo. 11. Juni GC. Seefeld &#8211; Wildmoos<\/strong><\/p>\n<p align=\"center\"><strong>Di 12. Juni GC. Mieminger Plateau<\/strong><\/p>\n<p align=\"center\"><strong>Di. 19. Juni GC. Innsbruck Igls<\/strong><\/p>\n<p align=\"center\"><strong>Di. 03. Juli GC. Eichenheim Aurach<\/strong><\/p>\n<p align=\"center\"><strong>Mo. 23. Juli GC. Posthotel Achenkirch AB<\/strong><\/p>\n<p align=\"center\"><strong>Di. 24. Juli GLC. Achensee<\/strong><\/p>\n<p align=\"center\"><strong>Mi. 25. Juli Posthotel Achenkirch CD<\/strong><\/p>\n<p align=\"center\"><strong>Mo. 13. August GC. Bludenz Braz<\/strong><\/p>\n<p align=\"center\"><strong>Di. 14. August GC. Naturpark Brand<\/strong><\/p>\n<p align=\"center\"><strong>Di. 28. August GC Urslautal<\/strong><\/p>\n<p align=\"center\"><strong>Mi 29. August GC. Zell am See Kaprun<\/strong><\/p>\n<p align=\"center\"><strong>Di. 04. September GC. Zugspitze Tirol<\/strong><\/p>\n<p align=\"center\"><strong>Di. 25. September Chapmann Vierer + Abschlussabend GLC Achensee<\/strong><\/p>\n<p align=\"center\"><strong>Mi. 26. September Vergleichskampf WOESR vs. Mitte &#8211; GLCA<\/strong><\/p>\n<p align=\"center\"><strong>Termin\u00e4nderungen sind noch m\u00f6glich<\/strong><\/p>\n<p align=\"center\"><strong><span style=\"color: #00ccff;\"><br \/>\n<\/span><\/strong><\/p>\n","protected":false},"excerpt":{"rendered":"<p>Mo. 07. Mai GC. Dolomitengolf Osttirol Di. 08. Mai GC. Mittersill Di. 22. Mai GC. Wilder Kaiser Ellmau Mi. 23. Mai GC. Kitzb\u00fchel Schwarzsee Mo. 27. August GCC. L\u00e4rchenhof AB CD Termin\u00e4nderung Mo. 2. Juli\u00a0 GC. Kitzb\u00fchel\u00a0 CD\u00a0AB Termin\u00e4nderung Mo. &hellip; <a href=\"https:\/\/www.woesr-golf.com\/wp\/turniere-vorjahre\/2012-2\/wettspieltermine-2012\/\">Weiterlesen <span class=\"meta-nav\">&rarr;<\/span><\/a><\/p>\n","protected":false},"author":4,"featured_media":580,"parent":9,"menu_order":0,"comment_status":"closed","ping_status":"closed","template":"","meta":{"jetpack_post_was_ever_published":false,"footnotes":""},"class_list":["post-24","page","type-page","status-publish","has-post-thumbnail","hentry"],"jetpack_sharing_enabled":true,"jetpack_shortlink":"https:\/\/wp.me\/P3bUlp-o","_links":{"self":[{"href":"https:\/\/www.woesr-golf.com\/wp\/wp-json\/wp\/v2\/pages\/24","targetHints":{"allow":["GET"]}}],"collection":[{"href":"https:\/\/www.woesr-golf.com\/wp\/wp-json\/wp\/v2\/pages"}],"about":[{"href":"https:\/\/www.woesr-golf.com\/wp\/wp-json\/wp\/v2\/types\/page"}],"author":[{"embeddable":true,"href":"https:\/\/www.woesr-golf.com\/wp\/wp-json\/wp\/v2\/users\/4"}],"replies":[{"embeddable":true,"href":"https:\/\/www.woesr-golf.com\/wp\/wp-json\/wp\/v2\/comments?post=24"}],"version-history":[{"count":12,"href":"https:\/\/www.woesr-golf.com\/wp\/wp-json\/wp\/v2\/pages\/24\/revisions"}],"predecessor-version":[{"id":2026,"href":"https:\/\/www.woesr-golf.com\/wp\/wp-json\/wp\/v2\/pages\/24\/revisions\/2026"}],"up":[{"embeddable":true,"href":"https:\/\/www.woesr-golf.com\/wp\/wp-json\/wp\/v2\/pages\/9"}],"wp:featuredmedia":[{"embeddable":true,"href":"https:\/\/www.woesr-golf.com\/wp\/wp-json\/wp\/v2\/media\/580"}],"wp:attachment":[{"href":"https:\/\/www.woesr-golf.com\/wp\/wp-json\/wp\/v2\/media?parent=24"}],"curies":[{"name":"wp","href":"https:\/\/api.w.org\/{rel}","templated":true}]}}