{"id":1767,"date":"2012-05-16T13:02:40","date_gmt":"2012-05-16T13:02:40","guid":{"rendered":"http:\/\/www.woesr-golf.com\/wp\/?page_id=1767"},"modified":"2012-05-17T11:08:37","modified_gmt":"2012-05-17T11:08:37","slug":"limitierte-turniere","status":"publish","type":"page","link":"https:\/\/www.woesr-golf.com\/wp\/turniere-vorjahre\/2012-2\/wettspielausschreibungen\/3-tag-gc-wilder-kaiser\/limitierte-turniere\/","title":{"rendered":"Limitierte Turniere"},"content":{"rendered":"<h3>Vorgangsweise bei der Anmeldung<\/h3>\n<p>Um \u00c4rger und Ungerechtigkeiten, bei Teilnehmerzahl limitierten Turnieren zu vermeiden, soll am Beispiel ELLMAU wie folgt vorgegangen werden:<\/p>\n<p>Bei 132 limitierten Teilnehmern sind pro Club 6,6\u00a0 bei 150 Limit 7,5\u00a0 Starter fix. Die restlich gemeldeten Spieler kommen auf die Warteliste.<\/p>\n<p>Nutzt ein Club die ihm zustehende Starterzahl nicht, werden die offenen Startpl\u00e4tze den\u00a0 mehr meldenden Clubs analog der Anmeldungen zugeteilt.<\/p>\n<p>Die Senior Captains sind verantwortlich f\u00fcr die richtige Reihenfolge der gemeldeten Spieler, da diese vom durchf\u00fchrenden Club f\u00fcr die Startliste verwendet wird.<\/p>\n<p><strong>Schnupper- und Gastspieler k\u00f6nnen an solchen Turnieren nicht teilnehmen.<\/strong><\/p>\n<p><a href=\"http:\/\/www.woesr-golf.com\/wp\/wp-content\/uploads\/2012\/05\/Berechnungsbeispiel-Limitierte-Turniere.pdf\"><strong>BEISPIEL<\/strong><\/a><\/p>\n<p><strong>Warum limitieren einzelne Clubs die Teilnehmerzahl? Gibt es da vern\u00fcnftige Gr\u00fcnde? Eure Meinung ist gefragt.<\/strong><\/p>\n","protected":false},"excerpt":{"rendered":"<p>Vorgangsweise bei der Anmeldung Um \u00c4rger und Ungerechtigkeiten, bei Teilnehmerzahl limitierten Turnieren zu vermeiden, soll am Beispiel ELLMAU wie folgt vorgegangen werden: Bei 132 limitierten Teilnehmern sind pro Club 6,6\u00a0 bei 150 Limit 7,5\u00a0 Starter fix. Die restlich gemeldeten Spieler &hellip; <a href=\"https:\/\/www.woesr-golf.com\/wp\/turniere-vorjahre\/2012-2\/wettspielausschreibungen\/3-tag-gc-wilder-kaiser\/limitierte-turniere\/\">Weiterlesen <span class=\"meta-nav\">&rarr;<\/span><\/a><\/p>\n","protected":false},"author":2,"featured_media":580,"parent":205,"menu_order":0,"comment_status":"closed","ping_status":"closed","template":"","meta":{"jetpack_post_was_ever_published":false,"footnotes":""},"class_list":["post-1767","page","type-page","status-publish","has-post-thumbnail","hentry"],"jetpack_sharing_enabled":true,"jetpack_shortlink":"https:\/\/wp.me\/P3bUlp-sv","_links":{"self":[{"href":"https:\/\/www.woesr-golf.com\/wp\/wp-json\/wp\/v2\/pages\/1767","targetHints":{"allow":["GET"]}}],"collection":[{"href":"https:\/\/www.woesr-golf.com\/wp\/wp-json\/wp\/v2\/pages"}],"about":[{"href":"https:\/\/www.woesr-golf.com\/wp\/wp-json\/wp\/v2\/types\/page"}],"author":[{"embeddable":true,"href":"https:\/\/www.woesr-golf.com\/wp\/wp-json\/wp\/v2\/users\/2"}],"replies":[{"embeddable":true,"href":"https:\/\/www.woesr-golf.com\/wp\/wp-json\/wp\/v2\/comments?post=1767"}],"version-history":[{"count":17,"href":"https:\/\/www.woesr-golf.com\/wp\/wp-json\/wp\/v2\/pages\/1767\/revisions"}],"predecessor-version":[{"id":1781,"href":"https:\/\/www.woesr-golf.com\/wp\/wp-json\/wp\/v2\/pages\/1767\/revisions\/1781"}],"up":[{"embeddable":true,"href":"https:\/\/www.woesr-golf.com\/wp\/wp-json\/wp\/v2\/pages\/205"}],"wp:featuredmedia":[{"embeddable":true,"href":"https:\/\/www.woesr-golf.com\/wp\/wp-json\/wp\/v2\/media\/580"}],"wp:attachment":[{"href":"https:\/\/www.woesr-golf.com\/wp\/wp-json\/wp\/v2\/media?parent=1767"}],"curies":[{"name":"wp","href":"https:\/\/api.w.org\/{rel}","templated":true}]}}