{"id":17088,"date":"2024-06-15T08:06:17","date_gmt":"2024-06-15T08:06:17","guid":{"rendered":"https:\/\/www.woesr-golf.com\/wp\/?page_id=17088"},"modified":"2024-07-07T13:13:34","modified_gmt":"2024-07-07T13:13:34","slug":"wettspielausschreibung-11-tag-gc-urslautal","status":"publish","type":"page","link":"https:\/\/www.woesr-golf.com\/wp\/turniere-vorjahre\/2024-2\/wettspielausschreibungen-2024\/wettspielausschreibung-11-tag-gc-urslautal\/","title":{"rendered":"Wettspielausschreibung 11. Tag &#8211; GC Urslautal 16.7.2024"},"content":{"rendered":"<p><strong>Wettspielausschreibung W\u00d6SR \u2013 11. Tag \u2013 GC Urslautal \u00a0\u00a0<\/strong><\/p>\n<p>Stableford \u00fcber 18 L\u00f6cher f\u00fcr Herren<\/p>\n<p><strong>Dienstag, 16. Juli 2024 Start: 09:00 Uhr<\/strong><\/p>\n<p>Startreihenfolge von Tee 1 gelb (fakultativ auch von Tee 10)<\/p>\n<p><em><u>(Die finale Entscheidung \u00fcber die Startreihenfolge obliegt der jeweiligen Wettspielleitung, kurzfristige \u00c4nderungen vorbehalten)<\/u><\/em><\/p>\n<p>SUPER MASTERS \u2013 ab 80 \u2013 <strong>k\u00f6nnen<\/strong> von ROT oder BLAU abschlagen.\u00a0Bitte bei Anmeldung angeben, ob von ROT oder BLAU abgeschlagen wird, wenn keine Angabe erfolgt wird von GELB abgeschlagen.<\/p>\n<p>Gespielt wird nach den Offiziellen Golfregeln des R&amp;A, dem Standard- und Vorgabesystem und der Spiel- und Wettspielordnung des \u00d6sterreichischen Golf-Verbandes, sowie der Platzregeln des GC Urslautal die aush\u00e4ngen.<\/p>\n<p><strong>Das Wettspiel ist handicapwirksam.<\/strong><\/p>\n<p>Teilnahmeberechtigt sind Senioren, die in diesem Jahr 50 Jahre alt werden\/sind, Supersenioren ab 70igstem Lebensjahr und das Mitglied in einem teilnehmenden Golf Club sind. Gastspieler k\u00f6nnen mitspielen und werden au\u00dfer Konkurrenz gewertet.<\/p>\n<p>E-Carbenutzung f\u00fcr Senioren mit \u00e4rztlichem Attest und f\u00fcr Masters gestattet. Die Verwendung von GPS-Entfernungsmessger\u00e4ten ist erlaubt, darf aber nicht zu Spielverz\u00f6gerungen f\u00fchren. Maximale Spielzeit 5:00 Stunden.<\/p>\n<p>Vorgabegrenze: Die H\u00f6chstvorgabe betr\u00e4gt \u2013 36. Liegt die Spielvorgabe eines Spielers \u00fcber 36, muss er sich mit der zul\u00e4ssigen H\u00f6chstvorgabe begn\u00fcgen<\/p>\n<p><strong>Wertung: \u00a0 \u00a0 \u00a0 \u00a0 \u00a0 \u00a0 \u00a0 \u00a0 \u00a0 \u00a0 \u00a0 \u00a0 \u00a0 \u00a0 \u00a0 \u00a0 \u00a0<\/strong><\/p>\n<ol>\n<li>1 Bruttoergebnis Senioren 50+, Masters 70+ und Supermasters 80+<\/li>\n<li>3 Nettoergebnisse je Klasse. (Klasseneinteilung in vier etwa gleich gro\u00dfe Gruppen)<\/li>\n<\/ol>\n<p>Nennungsschluss: \u00a0Sonntag, 14. Juli 2024 &#8211; 12:00 Uhr<\/p>\n<p>Bitte Supersenioren besonders kennzeichnen, bzw. separat melden.<\/p>\n<p><strong>Greenfee und Nenngeld: 63,00 + 5,00 \u20ac;\u00a0f\u00fcr G\u00e4ste\u00a0+15.00 \u20ac<\/strong><\/p>\n<p>Meldungen clubweise per E-Mail direkt an das Sekretariat info@golf-urslautal.at &#8211; Nenngeld muss vor dem Start entrichtet werden.<\/p>\n<p>Wettspielleitung: Wird am schwarzen Brett bekannt gegeben<\/p>\n<p>Die Wettspielleitung hat in begr\u00fcndeten F\u00e4llen das Recht, die Platzregeln abzu\u00e4ndern, die Startzeiten und Klasseneinteilungen neu festzusetzen oder abzu\u00e4ndern sowie die Ausschreibungsbedingungen abzu\u00e4ndern oder zus\u00e4tzliche Bedingungen herauszugeben.\u00a0<\/p>\n<p>Wir freuen uns auf eine zahlreiche Teilnahme und w\u00fcnschen gutes Spiel!<\/p>\n<p>&nbsp;<\/p>\n<p><strong>Auszug aus dem Sitzungsprotokoll der Senior Captains vom 17.01.2012:<\/strong><\/p>\n<p>Clubmitglieder im eigenen Club bezahlen 15,00 \u20ac f\u00fcr die Wettspielauswertung<\/p>\n<p>VERANTWORTUNG Startlistenerstellung und Abwicklung<\/p>\n<p>Der jeweilige Seniorcaptain. ist dem Sekretariat behilflich bei der Startlistenerstellung und tr\u00e4gt die Verantwortung daf\u00fcr. Sonderw\u00fcnsche werden nur im Rahmen der Machbarkeit ber\u00fccksichtigt. FAHRGEMEINSCHAFTEN werden soweit als m\u00f6glich ber\u00fccksichtigt. Der nahen Wohnenden oder in der N\u00e4he \u00fcbernachtenden Senioren sollen zuerst starten.<\/p>\n<p>NENNUNGEN nur Clubweise durch den Senior-Captain.<\/p>\n<p>NENNUNGSSCHLUSS <strong>zwei<\/strong>\u00a0Tage vor dem Turnier um 12:00 Mittag.<\/p>\n<p>Bei Nichtteilnahme geh\u00f6rt es zum Anstand eines Golfspielers, sich beim Club direkt abzumelden, damit rechtzeitig eine \u00c4nderung der Startzeiten vorgenommen werden kann. Spieler, die ohne Abmeldung beim Club nicht zum Wettspiel antreten, sind von der Zahlung des Greenfee-Nenngeldes <u>nicht befreit<\/u>.<\/p>\n<p>Zu einer schnellen und ordnungsgem\u00e4\u00dfen Abwicklung bitten die Veranstalter die oben genannten Vereinbarungen l\u00fcckenlos einzuhalten \u2013 Danke. \u00a0<\/p>\n<p>&nbsp;<\/p>\n","protected":false},"excerpt":{"rendered":"<p>Wettspielausschreibung W\u00d6SR \u2013 11. Tag \u2013 GC Urslautal \u00a0\u00a0 Stableford \u00fcber 18 L\u00f6cher f\u00fcr Herren Dienstag, 16. Juli 2024 Start: 09:00 Uhr Startreihenfolge von Tee 1 gelb (fakultativ auch von Tee 10) (Die finale Entscheidung \u00fcber die Startreihenfolge obliegt der &hellip; <a href=\"https:\/\/www.woesr-golf.com\/wp\/turniere-vorjahre\/2024-2\/wettspielausschreibungen-2024\/wettspielausschreibung-11-tag-gc-urslautal\/\">Weiterlesen <span class=\"meta-nav\">&rarr;<\/span><\/a><\/p>\n","protected":false},"author":3,"featured_media":8148,"parent":16804,"menu_order":12,"comment_status":"closed","ping_status":"closed","template":"","meta":{"jetpack_post_was_ever_published":false,"footnotes":""},"class_list":["post-17088","page","type-page","status-publish","has-post-thumbnail","hentry"],"jetpack_sharing_enabled":true,"jetpack_shortlink":"https:\/\/wp.me\/P3bUlp-4rC","_links":{"self":[{"href":"https:\/\/www.woesr-golf.com\/wp\/wp-json\/wp\/v2\/pages\/17088","targetHints":{"allow":["GET"]}}],"collection":[{"href":"https:\/\/www.woesr-golf.com\/wp\/wp-json\/wp\/v2\/pages"}],"about":[{"href":"https:\/\/www.woesr-golf.com\/wp\/wp-json\/wp\/v2\/types\/page"}],"author":[{"embeddable":true,"href":"https:\/\/www.woesr-golf.com\/wp\/wp-json\/wp\/v2\/users\/3"}],"replies":[{"embeddable":true,"href":"https:\/\/www.woesr-golf.com\/wp\/wp-json\/wp\/v2\/comments?post=17088"}],"version-history":[{"count":3,"href":"https:\/\/www.woesr-golf.com\/wp\/wp-json\/wp\/v2\/pages\/17088\/revisions"}],"predecessor-version":[{"id":17133,"href":"https:\/\/www.woesr-golf.com\/wp\/wp-json\/wp\/v2\/pages\/17088\/revisions\/17133"}],"up":[{"embeddable":true,"href":"https:\/\/www.woesr-golf.com\/wp\/wp-json\/wp\/v2\/pages\/16804"}],"wp:featuredmedia":[{"embeddable":true,"href":"https:\/\/www.woesr-golf.com\/wp\/wp-json\/wp\/v2\/media\/8148"}],"wp:attachment":[{"href":"https:\/\/www.woesr-golf.com\/wp\/wp-json\/wp\/v2\/media?parent=17088"}],"curies":[{"name":"wp","href":"https:\/\/api.w.org\/{rel}","templated":true}]}}