{"id":15842,"date":"2022-07-21T12:24:42","date_gmt":"2022-07-21T12:24:42","guid":{"rendered":"https:\/\/www.woesr-golf.com\/wp\/?page_id=15842"},"modified":"2022-07-21T12:25:43","modified_gmt":"2022-07-21T12:25:43","slug":"wettspielausschreibung-11-tag-gc-innsbruck-igls-3-8-2022","status":"publish","type":"page","link":"https:\/\/www.woesr-golf.com\/wp\/turniere-vorjahre\/2022-woesr\/wettspielausschreibungen-2022\/wettspielausschreibung-11-tag-gc-innsbruck-igls-3-8-2022\/","title":{"rendered":"Wettspielausschreibung 11. Tag &#8211; GC Innsbruck-Igls 3.8.2022"},"content":{"rendered":"<p><strong>Wettspielausschreibung W\u00d6SR \u2013 11. Tag \u2013 GC Innsbruck-Igls <\/strong><\/p>\n<p>Stableford \u00fcber 18 L\u00f6cher f\u00fcr Herren<\/p>\n<p><strong>Mittwoch 3. August 2022 Start: 08:30 Uhr<\/strong><\/p>\n<p>Startreihenfolge von Tee 1 gelb: CD, sodann AB<\/p>\n<p><em><u>(Die finale Entscheidung \u00fcber die \u00a0Startreihenfolge obliegt der jeweiligen Wettspielleitung, kurzfristige \u00c4nderungen vorbehalten)<\/u><\/em><\/p>\n<p>SUPER MASTERS \u2013 ab 80 \u2013 k\u00f6nnen von ROT abschlagen.\u00a0<\/p>\n<p>Gespielt wird nach den Offiziellen Golfregeln des R&amp;A, dem Standard- und Vorgabesystem und der Spiel- und Wettspielordnung des \u00d6sterreichischen Golf-Verbandes, sowie der Platzregeln des GC Innsbruck-Igls die aush\u00e4ngen.<\/p>\n<p>Das Wettspiel ist vorgabewirksam.<\/p>\n<p>Teilnahmeberechtigt sind Senioren, die in diesem Jahr 50 Jahre alt werden\/sind, Supersenioren ab 70igstem Lebensjahr und das Mitglied in einem teilnehmenden Golf Club sind. Gastspieler werden au\u00dfer Konkurrenz gewertet.<\/p>\n<p>E-Carbenutzung f\u00fcr Senioren mit \u00e4rztlichem Attest 2021 und f\u00fcr Masters gestattet. Die Verwendung von GPS-Entfernungsmessger\u00e4ten ist erlaubt, darf aber nicht zu Spielverz\u00f6gerungen f\u00fchren. Maximale Spielzeit 5:00 Stunden.<\/p>\n<p>Vorgabegrenze: Die H\u00f6chstvorgabe betr\u00e4gt \u2013 36. Liegt die Spielvorgabe eines Spielers \u00fcber 36, muss er sich mit der zul\u00e4ssigen H\u00f6chstvorgabe begn\u00fcgen<\/p>\n<p>Wertung: \u00a0 \u00a0 \u00a0 \u00a0 \u00a0 \u00a0 \u00a0 \u00a0 \u00a0 \u00a0 \u00a0 \u00a0 \u00a0 \u00a0 \u00a0 \u00a0 \u00a0<\/p>\n<p>1 Bruttopreis, 3 Nettopreise je Klasse. (Klasseneinteilung in vier etwa gleich gro\u00dfe Gruppen)<\/p>\n<p>Supersenioren \u2013 Masters:<\/p>\n<p>1 Bruttopreis 3 Nettopreise<\/p>\n<p>Nennungsschluss: \u00a0Montag, 1. August 2022 12:00 Uhr<\/p>\n<p>Bitte Supersenioren besonders kennzeichnen, bzw. separat melden.<\/p>\n<p>Nenngeld: 59.00 \u20ac;\u00a0f\u00fcr G\u00e4ste\u00a0Greenfee +15.00 \u20ac<\/p>\n<p>Meldungen clubweise per E-Mail direkt an das Sekretariat GC Innsbruck-Igls:<\/p>\n<p>office@golfclub-innsbruck-igls.at<\/p>\n<p>Das Nenngeld muss vor dem Start entrichtet werden. Spieler, die nicht zum Wettspiel antreten, sind von der Zahlung des Nenngeldes nicht befreit. Die Beschl\u00fcsse der Senior Captains v. 17.01.2012 f\u00fcr die WOESR 2012 bitte unbedingt beachten.<\/p>\n<p>Wettspielleitung: Wird am schwarzen Brett bekannt gegeben<\/p>\n<p>Die Wettspielleitung hat in begr\u00fcndeten F\u00e4llen das Recht, die Platzregeln abzu\u00e4ndern, die Startzeiten und Klasseneinteilungen neu festzusetzen oder abzu\u00e4ndern sowie die Ausschreibungsbedingungen abzu\u00e4ndern oder zus\u00e4tzliche Bedingungen herauszugeben.<\/p>\n<p>&nbsp;<\/p>\n<p>Wir freuen uns auf eine zahlreiche Teilnahme und w\u00fcnschen gutes Spiel!<\/p>\n<p>&nbsp;<\/p>\n<p><strong>Auszug aus dem Sitzungsprotokoll der Senior Captains vom 17.01.2012:<\/strong><\/p>\n<p>Clubmitglieder im eigenen Club bezahlen 15,00 \u20ac incl. Org.<\/p>\n<p>VERANTWORTUNG Startlistenerstellung und Abwicklung<\/p>\n<p>Der jeweilige Seniorcaptain. ist dem Sekretariat behilflich bei der Startlistenerstellung und tr\u00e4gt die Verantwortung daf\u00fcr. Sonderw\u00fcnsche werden nur im Rahmen der Machbarkeit ber\u00fccksichtigt. FAHRGEMEINSCHAFTEN werden nur innerhalb der Gruppen AB und CD ber\u00fccksichtigt. Der nahen Wohnenden oder in der N\u00e4he \u00fcbernachtenden Senioren sollen zuerst starten.<\/p>\n<p>NENNUNGEN nur mehr Clubweise.<\/p>\n<p>NENNUNGSSCHLUSS <strong>zwei<\/strong>\u00a0Tage vor dem Turnier um 12:00 Mittag.<\/p>\n<p>ABSAGEN nach Nennungsschluss werden nicht mehr akzeptiert. Eine Bearbeitungsgeb\u00fchr von \u20ac 20,00 ist in diesem Falle zu entrichten. (Beschluss der Senior Captains vom Juni 2014) Ausnahmen nur bei Erkrankungen und nachgereichtem \u00e4rztlichem Attest.<\/p>\n<p>Bei Nichtbezahlen der\u00a0Bearbeitungsgeb\u00fchr erfolgt eine Turniersperre bei der n\u00e4chsten Anmeldung. Die Namen der zu sperrenden Senioren werden vom Senior Captain den Organisatoren zur weiteren Veranlassung mitgeteilt.<\/p>\n<p>Zu einer schnellen und ordnungsgem\u00e4\u00dfen Abwicklung bitten die Veranstalter die oben genannten Vereinbarungen l\u00fcckenlos einzuhalten \u2013 Danke. \u00a0<\/p>\n<p>&nbsp;<\/p>\n","protected":false},"excerpt":{"rendered":"<p>Wettspielausschreibung W\u00d6SR \u2013 11. Tag \u2013 GC Innsbruck-Igls Stableford \u00fcber 18 L\u00f6cher f\u00fcr Herren Mittwoch 3. August 2022 Start: 08:30 Uhr Startreihenfolge von Tee 1 gelb: CD, sodann AB (Die finale Entscheidung \u00fcber die \u00a0Startreihenfolge obliegt der jeweiligen Wettspielleitung, kurzfristige &hellip; <a href=\"https:\/\/www.woesr-golf.com\/wp\/turniere-vorjahre\/2022-woesr\/wettspielausschreibungen-2022\/wettspielausschreibung-11-tag-gc-innsbruck-igls-3-8-2022\/\">Weiterlesen <span class=\"meta-nav\">&rarr;<\/span><\/a><\/p>\n","protected":false},"author":3,"featured_media":0,"parent":15511,"menu_order":10,"comment_status":"closed","ping_status":"closed","template":"","meta":{"jetpack_post_was_ever_published":false,"footnotes":""},"class_list":["post-15842","page","type-page","status-publish","hentry"],"jetpack_sharing_enabled":true,"jetpack_shortlink":"https:\/\/wp.me\/P3bUlp-47w","_links":{"self":[{"href":"https:\/\/www.woesr-golf.com\/wp\/wp-json\/wp\/v2\/pages\/15842","targetHints":{"allow":["GET"]}}],"collection":[{"href":"https:\/\/www.woesr-golf.com\/wp\/wp-json\/wp\/v2\/pages"}],"about":[{"href":"https:\/\/www.woesr-golf.com\/wp\/wp-json\/wp\/v2\/types\/page"}],"author":[{"embeddable":true,"href":"https:\/\/www.woesr-golf.com\/wp\/wp-json\/wp\/v2\/users\/3"}],"replies":[{"embeddable":true,"href":"https:\/\/www.woesr-golf.com\/wp\/wp-json\/wp\/v2\/comments?post=15842"}],"version-history":[{"count":1,"href":"https:\/\/www.woesr-golf.com\/wp\/wp-json\/wp\/v2\/pages\/15842\/revisions"}],"predecessor-version":[{"id":15843,"href":"https:\/\/www.woesr-golf.com\/wp\/wp-json\/wp\/v2\/pages\/15842\/revisions\/15843"}],"up":[{"embeddable":true,"href":"https:\/\/www.woesr-golf.com\/wp\/wp-json\/wp\/v2\/pages\/15511"}],"wp:attachment":[{"href":"https:\/\/www.woesr-golf.com\/wp\/wp-json\/wp\/v2\/media?parent=15842"}],"curies":[{"name":"wp","href":"https:\/\/api.w.org\/{rel}","templated":true}]}}