{"id":11531,"date":"2017-11-30T10:51:34","date_gmt":"2017-11-30T10:51:34","guid":{"rendered":"http:\/\/www.woesr-golf.com\/wp\/?page_id=11531"},"modified":"2017-12-01T15:48:23","modified_gmt":"2017-12-01T15:48:23","slug":"wettspielausschreibung-tag-1-gcc-laerchenhof","status":"publish","type":"page","link":"https:\/\/www.woesr-golf.com\/wp\/turniere-vorjahre\/2018-2\/wettspielausschreibungen-2018\/wettspielausschreibung-tag-1-gcc-laerchenhof\/","title":{"rendered":"Wettspielausschreibung 1.Tag GCC. L\u00e4rchenhof"},"content":{"rendered":"<p align=\"center\">Stableford \u00fcber 18 L\u00f6cher f\u00fcr Herren<\/p>\n<p align=\"center\">Montag, 07. Mai 2018 Start: 8:30 Uhr abh\u00e4ngig von der Anzahl der Teilnehmer<\/p>\n<p align=\"center\">Tee gelb\u00a0 \u2013 SUPER MASTERS \u2013 ab 80 \u2013 k\u00f6nnen von ROT abschlagen.<\/p>\n<p align=\"center\">Startreihenfolge \u00a0AB \u00a0CD \u00a0 \u00a0<\/p>\n<p align=\"center\">Gespielt wird nach den Offiziellen Golfregeln des R&amp;A, dem Standard- und Vorgabesystem und der Spiel- und Wettspielordnung des \u00d6sterreichischen Golf-Verbandes, sowie der Platzregeln des GCC. L\u00e4rchenhof die aush\u00e4ngen.<\/p>\n<p>Das Wettspiel ist vorgabewirksam.<\/p>\n<p>Teilnahmeberechtigt sind Senioren, die in diesem Jahr 55 Jahre alt werden\/sind, Supersenioren ab 70igstem Lebensjahr und die Mitglied in einem teilnehmenden Golf Club sind. Gastspieler werden ausser Konkurrenz gewertet.<br \/>\n Vorgabegrenze: Die H\u00f6chstvorgabe betr\u00e4gt \u2013 36. Liegt die Spielvorgabe eines Spielers \u00fcber 36, muss er sich mit der zul\u00e4ssigen H\u00f6chstvorgabe begn\u00fcgen.<\/p>\n<p>E-Carbenutzung f\u00fcr Senioren mit \u00e4rztlichem Attest 2017 und f\u00fcr Masters gestattet. Die Verwendung von GPS Entfernungsmessger\u00e4ten ist erlaubt, darf aber nicht zu Spielverz\u00f6gerungen f\u00fchren. Maximale Spielzeit 5:00 Stunden.<\/p>\n<p>Preise und Wertung:\u00a0<\/p>\n<p>1 Bruttopreis, 3 Nettopreise je Klasse. (Klasseneinteilung in vier etwa gleich gro\u00dfe Gruppen)<\/p>\n<p>Supersenioren \u2013 Masters:<\/p>\n<p>1 Bruttopreis 3 Nettopreise<\/p>\n<p>Nennungsschluss: 05. Mai 2018 12:00 Uhr<\/p>\n<p>Bitte Supersenioren besonders kennzeichnen, bzw sep. melden.<\/p>\n<p>Nenngeld: 52.00 \u20ac;\u00a0f\u00fcr G\u00e4ste\u00a0Greenfee +15.00 \u20ac<\/p>\n<p>Das Nenngeld muss vor dem Start entrichtet werden. Spieler, die nicht zum Wettspiel antreten, sind von der Zahlung des Nenngeldes nicht befreit. Die Beschl\u00fcsse der Senior Captains v. 17.01.2012 f\u00fcr die WOESR 2012 bitte unbedingt beachten.<\/p>\n<p>Wettspielleitung: Wird am schwarzen Brett bekannt gegeben<\/p>\n<p>Die Wettspielleitung hat in begr\u00fcndeten F\u00e4llen das Recht, die Platzregeln abzu\u00e4ndern, die Startzeiten und Klasseneinteilungen neu festzusetzen oder abzu\u00e4ndern sowie die Ausschreibungsbedingungen abzu\u00e4ndern oder zus\u00e4tzliche Bedingungen herauszugeben.<\/p>\n<p>Meldungen clubweise mit Fax 0053528686 oder Email: direkt an das Sekretariat des GCC. L\u00e4rchenhof <a href=\"mailto:golf@laerchenhof-tirol.at\">golf@laerchenhof-tirol.at<\/a><\/p>\n<p>Wir freuen uns auf eine zahlreiche Teilnahme.<\/p>\n<p><a class=\"fancybox\" href=\"http:\/\/i2.wp.com\/www.woesr-golf.com\/wp\/wp-content\/uploads\/2015\/02\/linie_horizontal.jpg\" rel=\"fancybox\"><img loading=\"lazy\" decoding=\"async\" class=\"aligncenter size-full wp-image-7406\" src=\"http:\/\/i2.wp.com\/www.woesr-golf.com\/wp\/wp-content\/uploads\/2015\/02\/linie_horizontal.jpg?resize=240%2C20\" alt=\"linie_horizontal\" width=\"240\" height=\"20\" \/><\/a>\u00a0<\/p>\n<p><strong>Auszug aus dem Sitzungsprotokoll der Sen.Cpt. am 17.01.2012:<\/strong><\/p>\n<p>Clubmitglieder im eigenen Club bezahlen 15,00 \u20ac incl. Org.<\/p>\n<p>VERANTWORTUNG Startlistenerstellung und Abwicklung<\/p>\n<p>Der jeweilige Scpt. ist dem Sekretariat behilflich bei der Startlistenerstellung und tr\u00e4gt die Verantwortung daf\u00fcr. Sonderw\u00fcnsche werden nur im Rahmen der Machbarkeit ber\u00fccksichtigt.FAHRGEMEINSCHAFTEN werden nur innerhalb der Gruppen AB und CD ber\u00fccksichtigt. Die nahe Wohnenden oder in den N\u00e4he \u00fcbernachtenden Senioren sollen zuerst starten.<\/p>\n<p>NENNUNGEN nur mehr Clubweise.<\/p>\n<p>NENNUNGSSCHLUSS drei Tage vor dem Turnier um 12:00 Mittag.<\/p>\n<p>ABSAGEN nach Nennungsschluss werden nicht mehr akzeptiert. Eine Bearbeitungsgeb\u00fchr von \u20ac 20,00 ist in diesem Falle zu entrichten. (Beschluss der Sen.Cpt. vom Juni 2014) Ausnahmen nur bei Erkrankungen und nachgereichtem \u00e4rztlichem Attest.<\/p>\n<p>Bei Nichtbezahlen der Nenngeldnachforderung erfolgt eine Turniersperre bei der n\u00e4chsten Anmeldung.Die Namen der zu sperrenden Senioren werden vom Scpt. den Organisatoren zur weiteren Veranlassung mitgeteilt.<\/p>\n<p>Die zweigeteilte Preisverteilung bleibt. Die Preise werden nicht mehr weiter gegeben. Anwesende Clubmitglieder oder Freunde \u00fcbernehmen die Preise und leiten sie weiter.<\/p>\n<p>Die Organisatoren und Sen.Cpt. der WOESR<\/p>\n","protected":false},"excerpt":{"rendered":"<p>Stableford \u00fcber 18 L\u00f6cher f\u00fcr Herren Montag, 07. Mai 2018 Start: 8:30 Uhr abh\u00e4ngig von der Anzahl der Teilnehmer Tee gelb\u00a0 \u2013 SUPER MASTERS \u2013 ab 80 \u2013 k\u00f6nnen von ROT abschlagen. Startreihenfolge \u00a0AB \u00a0CD \u00a0 \u00a0 Gespielt wird nach &hellip; <a href=\"https:\/\/www.woesr-golf.com\/wp\/turniere-vorjahre\/2018-2\/wettspielausschreibungen-2018\/wettspielausschreibung-tag-1-gcc-laerchenhof\/\">Weiterlesen <span class=\"meta-nav\">&rarr;<\/span><\/a><\/p>\n","protected":false},"author":2,"featured_media":11536,"parent":11534,"menu_order":1,"comment_status":"closed","ping_status":"closed","template":"","meta":{"jetpack_post_was_ever_published":false,"footnotes":""},"class_list":["post-11531","page","type-page","status-publish","has-post-thumbnail","hentry"],"jetpack_sharing_enabled":true,"jetpack_shortlink":"https:\/\/wp.me\/P3bUlp-2ZZ","_links":{"self":[{"href":"https:\/\/www.woesr-golf.com\/wp\/wp-json\/wp\/v2\/pages\/11531","targetHints":{"allow":["GET"]}}],"collection":[{"href":"https:\/\/www.woesr-golf.com\/wp\/wp-json\/wp\/v2\/pages"}],"about":[{"href":"https:\/\/www.woesr-golf.com\/wp\/wp-json\/wp\/v2\/types\/page"}],"author":[{"embeddable":true,"href":"https:\/\/www.woesr-golf.com\/wp\/wp-json\/wp\/v2\/users\/2"}],"replies":[{"embeddable":true,"href":"https:\/\/www.woesr-golf.com\/wp\/wp-json\/wp\/v2\/comments?post=11531"}],"version-history":[{"count":4,"href":"https:\/\/www.woesr-golf.com\/wp\/wp-json\/wp\/v2\/pages\/11531\/revisions"}],"predecessor-version":[{"id":11642,"href":"https:\/\/www.woesr-golf.com\/wp\/wp-json\/wp\/v2\/pages\/11531\/revisions\/11642"}],"up":[{"embeddable":true,"href":"https:\/\/www.woesr-golf.com\/wp\/wp-json\/wp\/v2\/pages\/11534"}],"wp:featuredmedia":[{"embeddable":true,"href":"https:\/\/www.woesr-golf.com\/wp\/wp-json\/wp\/v2\/media\/11536"}],"wp:attachment":[{"href":"https:\/\/www.woesr-golf.com\/wp\/wp-json\/wp\/v2\/media?parent=11531"}],"curies":[{"name":"wp","href":"https:\/\/api.w.org\/{rel}","templated":true}]}}