{"id":10163,"date":"2016-12-10T20:22:16","date_gmt":"2016-12-10T20:22:16","guid":{"rendered":"http:\/\/www.woesr-golf.com\/wp\/?page_id=10163"},"modified":"2016-12-10T20:26:52","modified_gmt":"2016-12-10T20:26:52","slug":"10163-2","status":"publish","type":"page","link":"https:\/\/www.woesr-golf.com\/wp\/turniere-vorjahre\/2017-2\/wettspielausschreibungen-2017\/10163-2\/","title":{"rendered":"Wettspielausschreibung 11. Tag GC. Zell am See Kaprun"},"content":{"rendered":"<p><span style=\"color: #000000;\">Stableford \u00fcber 18 L\u00f6cher f\u00fcr Herren<\/span><\/p>\n<p><span style=\"color: #000000;\">Dienstag, 11. Juli\u00a02017 \u00a0Start: 08:00\u00a0Uhr<\/span><\/p>\n<p><span style=\"color: #000000;\">von Tee 1 gelb und Tee 10 Kitzsteinhorn\u00a0A, \u00a0B, C, D alle gemischt, eine Preisverteilung.<\/span><\/p>\n<p>\u00a0SUPER MASTERS &#8211; ab 80 &#8211; k\u00f6nnen von ROT abschlagen.<\/p>\n<p><span style=\"color: #000000;\">Gespielt wird nach den Offiziellen Golfregeln des R&amp;A, dem Standard- und Vorgabesystem und der Spiel- und Wettspielordnung des \u00d6sterreichischen Golf-Verbandes, sowie der Platzregeln des GC. Zell am See Kaprun\u00a0 die aush\u00e4ngen.<\/span><\/p>\n<p><span style=\"color: #000000;\">Das Wettspiel ist vorgabewirksam.<\/span><\/p>\n<p><span style=\"color: #000000;\">Teilnahmeberechtigt sind Senioren, die in diesem Jahr 55 Jahre alt werden\/sind, Supersenioren ab 70igstem Lebensjahr und die Mitglied in einem teilnehmenden Golf Club sind. Gastspieler werden ausser Konkurrenz gewertet.<\/span><\/p>\n<p><span style=\"color: #000000;\">E-Carbenutzung f\u00fcr Senioren mit \u00e4rztlichem Attest 2017 und f\u00fcr Masters gestattet. Die Verwendung von GPS Entfernungsmessger\u00e4ten ist erlaubt, darf aber nicht zu Spielverz\u00f6gerungen f\u00fchren. Maximale Spielzeit 5:00 Stunden.<\/span><\/p>\n<p><span style=\"color: #000000;\">Vorgabegrenze: Die H\u00f6chstvorgabe betr\u00e4gt \u2013 36. Liegt die Spielvorgabe eines Spielers \u00fcber 36, muss er sich mit der zul\u00e4ssigen H\u00f6chstvorgabe begn\u00fcgen<\/span><\/p>\n<p><span style=\"color: #000000;\">Preise und Wertung: \u00a0 \u00a0 \u00a0 \u00a0 \u00a0 \u00a0 \u00a0 \u00a0 \u00a0 \u00a0 \u00a0 \u00a0 \u00a0 \u00a0 \u00a0 \u00a0 \u00a0 \u00a0 \u00a0 \u00a0 \u00a0 \u00a0 \u00a0 \u00a0\u00a0<\/span><\/p>\n<p><span style=\"color: #000000;\">1 Bruttopreis, 3 Nettopreise je Klasse. (Klasseneinteilung in vier etwa gleich gro\u00dfe Gruppen)<\/span><\/p>\n<p><span style=\"color: #000000;\">Supersenioren \u2013 Masters:<\/span><\/p>\n<p><span style=\"color: #000000;\">1 Bruttopreis 3 Nettopreise<\/span><\/p>\n<p><span style=\"color: #000000;\">Nennungsschluss: 09. Juli\u00a02017 12:00 Uhr<\/span><\/p>\n<p><span style=\"color: #000000;\">Bitte Supersenioren besonders kennzeichnen, bzw sep. melden.<\/span><\/p>\n<p><span style=\"color: #000000; font-family: arial, helvetica, sans-serif;\">Nenngeld: 52<\/span><span style=\"color: #000000; font-family: arial, helvetica, sans-serif;\">.00 \u20ac;\u00a0f\u00fcr G\u00e4ste\u00a0Greenfee +15.00 \u20ac<\/span><\/p>\n<p><span style=\"color: #000000;\">Das Nenngeld muss vor dem Start entrichtet werden. Spieler, die nicht zum Wettspiel antreten, sind von der Zahlung des Nenngeldes nicht befreit. Die Beschl\u00fcsse der Senior Captains v. 17.01.2012 f\u00fcr die WOESR 2012 bitte unbedingt beachten.<\/span><\/p>\n<p><span style=\"color: #000000;\">Wettspielleitung: Wird am schwarzen Brett bekannt gegeben<\/span><\/p>\n<p><span style=\"color: #000000;\">Die Wettspielleitung hat in begr\u00fcndeten F\u00e4llen das Recht, die Platzregeln abzu\u00e4ndern, die Startzeiten und Klasseneinteilungen neu festzusetzen oder abzu\u00e4ndern sowie die Ausschreibungsbedingungen abzu\u00e4ndern oder zus\u00e4tzliche Bedingungen herauszugeben.<\/span><\/p>\n<p><span style=\"color: #000000;\">Meldungen clubweise mit Fax 06542 56 161 16 oder<\/span><\/p>\n<p><span style=\"color: #000000;\">Email: direkt an das Sekretariat des GC. Zell am See Kaprun <a style=\"color: #000000;\" href=\"mailto:golf@zellamsee-kaprun.at\">golf@zellamsee-kaprun.at<\/a><\/span><\/p>\n<p><span style=\"color: #000000;\">Wir freuen uns auf eine zahlreiche Teilnahme.<\/span><\/p>\n<p><a href=\"https:\/\/i0.wp.com\/www.woesr-golf.com\/wp\/wp-content\/uploads\/2015\/02\/linie_horizontal.jpg\"><img data-recalc-dims=\"1\" loading=\"lazy\" decoding=\"async\" class=\"aligncenter size-full wp-image-7406\" src=\"https:\/\/i0.wp.com\/www.woesr-golf.com\/wp\/wp-content\/uploads\/2015\/02\/linie_horizontal.jpg?resize=240%2C20\" alt=\"linie_horizontal\" width=\"240\" height=\"20\" \/><\/a><\/p>\n<p><strong>Auszug aus dem Sitzungsprotokoll der Sen.Cpt. am 17.01.2012:<\/strong><\/p>\n<p>Clubmitglieder im eigenen Club bezahlen 15,00 \u20ac incl. Org.<\/p>\n<p>VERANTWORTUNG Startlistenerstellung und Abwicklung<\/p>\n<p>Der jeweilige Scpt. ist dem Sekretariat behilflich bei der Startlistenerstellung und tr\u00e4gt die Verantwortung daf\u00fcr. Sonderw\u00fcnsche werden nur im Rahmen der Machbarkeit ber\u00fccksichtigt. FAHRGEMEINSCHAFTEN werden nur innerhalb der Gruppen AB und CD ber\u00fccksichtigt. Die nahe Wohnenden oder in den N\u00e4he \u00fcbernachtenden Senioren sollen zuerst starten.<\/p>\n<p>NENNUNGEN nur mehr Clubweise.Die Organisatoren und Sen.Cpt. der WOESR<\/p>\n<p>NENNUNGSSCHLUSS <strong>zwei<\/strong>\u00a0Tage vor dem Turnier um 12:00 Mittag.<\/p>\n<p>ABSAGEN nach Nennungsschluss werden nicht mehr akzeptiert. Eine Bearbeitungsgeb\u00fchr von \u20ac 20,00 ist in diesem Falle zu entrichten. (Beschluss der Sen.Cpt. vom Juni 2014) Ausnahmen nur bei Erkrankungen und nachgereichtem \u00e4rztlichem Attest.<\/p>\n<p>Bei Nichtbezahlen der\u00a0Bearbeitungsgeb\u00fchr erfolgt eine Turniersperre bei der n\u00e4chsten Anmeldung. Die Namen der zu sperrenden Senioren werden vom Sen.Cpt. den Organisatoren zur weiteren Veranlassung mitgeteilt.<\/p>\n<p>Die zweigeteilte Preisverteilung bleibt. Die Preise werden nicht mehr weiter gegeben. Anwesende Clubmitglieder oder Freunde \u00fcbernehmen die Preise und leiten sie weiter<\/p>\n","protected":false},"excerpt":{"rendered":"<p>Stableford \u00fcber 18 L\u00f6cher f\u00fcr Herren Dienstag, 11. Juli\u00a02017 \u00a0Start: 08:00\u00a0Uhr von Tee 1 gelb und Tee 10 Kitzsteinhorn\u00a0A, \u00a0B, C, D alle gemischt, eine Preisverteilung. \u00a0SUPER MASTERS &#8211; ab 80 &#8211; k\u00f6nnen von ROT abschlagen. Gespielt wird nach den &hellip; <a href=\"https:\/\/www.woesr-golf.com\/wp\/turniere-vorjahre\/2017-2\/wettspielausschreibungen-2017\/10163-2\/\">Weiterlesen <span class=\"meta-nav\">&rarr;<\/span><\/a><\/p>\n","protected":false},"author":2,"featured_media":2413,"parent":10101,"menu_order":11,"comment_status":"closed","ping_status":"closed","template":"","meta":{"jetpack_post_was_ever_published":false,"footnotes":""},"class_list":["post-10163","page","type-page","status-publish","has-post-thumbnail","hentry"],"jetpack_sharing_enabled":true,"jetpack_shortlink":"https:\/\/wp.me\/P3bUlp-2DV","_links":{"self":[{"href":"https:\/\/www.woesr-golf.com\/wp\/wp-json\/wp\/v2\/pages\/10163","targetHints":{"allow":["GET"]}}],"collection":[{"href":"https:\/\/www.woesr-golf.com\/wp\/wp-json\/wp\/v2\/pages"}],"about":[{"href":"https:\/\/www.woesr-golf.com\/wp\/wp-json\/wp\/v2\/types\/page"}],"author":[{"embeddable":true,"href":"https:\/\/www.woesr-golf.com\/wp\/wp-json\/wp\/v2\/users\/2"}],"replies":[{"embeddable":true,"href":"https:\/\/www.woesr-golf.com\/wp\/wp-json\/wp\/v2\/comments?post=10163"}],"version-history":[{"count":3,"href":"https:\/\/www.woesr-golf.com\/wp\/wp-json\/wp\/v2\/pages\/10163\/revisions"}],"predecessor-version":[{"id":10166,"href":"https:\/\/www.woesr-golf.com\/wp\/wp-json\/wp\/v2\/pages\/10163\/revisions\/10166"}],"up":[{"embeddable":true,"href":"https:\/\/www.woesr-golf.com\/wp\/wp-json\/wp\/v2\/pages\/10101"}],"wp:featuredmedia":[{"embeddable":true,"href":"https:\/\/www.woesr-golf.com\/wp\/wp-json\/wp\/v2\/media\/2413"}],"wp:attachment":[{"href":"https:\/\/www.woesr-golf.com\/wp\/wp-json\/wp\/v2\/media?parent=10163"}],"curies":[{"name":"wp","href":"https:\/\/api.w.org\/{rel}","templated":true}]}}